{"id":664,"date":"2020-07-10T15:07:07","date_gmt":"2020-07-10T13:07:07","guid":{"rendered":"https:\/\/kilimoproject.itk.fr\/?page_id=664"},"modified":"2020-08-18T17:21:50","modified_gmt":"2020-08-18T15:21:50","slug":"cookies-policy","status":"publish","type":"page","link":"https:\/\/kilimoproject.itk.fr\/en\/cookies-policy\/","title":{"rendered":"Cookies policy"},"content":{"rendered":"\n<div class=\"wp-block-group\"><div class=\"wp-block-group__inner-container is-layout-flow wp-block-group-is-layout-flow\">\n<script id=\"CookieDeclaration\" src=\"https:\/\/consent.cookiebot.com\/9f402ff5-5258-4dbb-9152-dea11192b264\/cd.js\" type=\"text\/javascript\" async=\"\"><\/script>\n<\/div><\/div>\n\n\n\n<div class=\"wp-block-group\"><div class=\"wp-block-group__inner-container is-layout-flow wp-block-group-is-layout-flow\">\n<h3 class=\"wp-block-heading\">Les cookies que nous \u00e9mettons nous permettent de&nbsp;:<\/h3>\n\n\n\n<h4 class=\"wp-block-heading\">Faciliter et am\u00e9liorer votre navigation sur notre site<\/h4>\n\n\n\n<ul class=\"wp-block-list\"><li>Le type de Terminal que vous utilisez (Smartphone, tablette, ordinateur, etc.) ;<\/li><li>Le syst\u00e8me d\u2019exploitation de votre terminal (Mac Os, iOS, Android, Windows, BlackBerry etc.) ;<\/li><li>Les cat\u00e9gories et versions de plug-in de votre terminal ;<\/li><li>Votre fournisseur d\u2019acc\u00e8s \u00e0 Internet (Orange, SFR, Bouygues, Free, etc.) ;<\/li><li>Le navigateur utilis\u00e9 (Safari, Chrome, Internet explorer, etc.) ;<\/li><li>L\u2019identifiant de publicit\u00e9 li\u00e9 au syst\u00e8me d\u2019exploitation de votre Terminal ;<\/li><li>L\u2019adresse IP de votre terminal ;<\/li><li>Les donn\u00e9es de g\u00e9olocalisation de votre terminal ;<\/li><li>Vos pr\u00e9f\u00e9rences de langues.<\/li><\/ul>\n\n\n\n<h4 class=\"wp-block-heading\">Am\u00e9liorer nos services<\/h4>\n\n\n\n<ul class=\"wp-block-list\"><li>les statistiques sur la consultation des diff\u00e9rentes pages de notre site (telles que la cat\u00e9gorie des biens ou services pr\u00e9sent\u00e9s sur les pages que vous visitez, le temps que vous passez sur celles-ci, leur horodatage, etc.) ;<\/li><li>le cheminement URL complet vers, via et depuis notre site ;<\/li><li>la confirmation de r\u00e9ception et de lecture des courriers \u00e9lectroniques commerciaux, de prospection ou d&#8217;information que nous serions amen\u00e9s \u00e0 vous adresser, sous r\u00e9serve, le cas \u00e9ch\u00e9ant, que vous y ayez consenti de fa\u00e7on pr\u00e9alable.<\/li><\/ul>\n\n\n\n<h3 class=\"wp-block-heading\">Les cookies tiers<\/h3>\n\n\n\n<p>Du fait d&#8217;applications tierces int\u00e9gr\u00e9es \u00e0 notre site, certains cookies peuvent \u00eatre \u00e9mis par nos partenaires. L&#8217;\u00e9mission et l&#8217;utilisation de cookies par ces partenaires sont soumises aux politiques de protection de la vie priv\u00e9e de ces partenaires.<\/p>\n\n\n\n<p>L\u2019insertion de ces cookies suppose le recueil pr\u00e9alable de votre consentement.<\/p>\n\n\n\n<h3 class=\"wp-block-heading\">Vos choix concernant les cookies<\/h3>\n\n\n\n<p>Plusieurs possibilit\u00e9s vous sont offertes pour g\u00e9rer vos pr\u00e9f\u00e9rences en mati\u00e8re de cookies.<\/p>\n\n\n\n<h4 class=\"wp-block-heading\">La gestion de vos pr\u00e9f\u00e9rences via l\u2019outil disponible sur notre site<\/h4>\n\n\n\n<p>Nous recueillons votre consentement, en particulier par l\u2019interm\u00e9diaire d\u2019un bandeau, avant de permettre l\u2019enregistrement de cookies sur votre terminal.<\/p>\n\n\n\n<p>Le bandeau pr\u00e9voit notamment la possibilit\u00e9 pour vous de param\u00e9trer les diff\u00e9rents cookies, selon les cat\u00e9gories d\u00e9crites ci-dessus.<\/p>\n\n\n\n<p>Vous pouvez \u00e0 tout moment modifier vos choix et, le cas \u00e9ch\u00e9ant d\u00e9sactiver ces cookies (\u00e0 l\u2019exception des cookies de navigation indispensables \u00e0 l\u2019utilisation de notre Site).<\/p>\n\n\n\n<p>La prise en compte de votre pr\u00e9f\u00e9rence repose sur un cookie. Si vous supprimez tous les cookies enregistr\u00e9s dans votre terminal (via votre navigateur), nous &#8211; ou nos Partenaires &#8211; ne saurons plus que vous avez choisi cette option.<\/p>\n\n\n\n<h4 class=\"wp-block-heading\">Param\u00e9trage de votre navigateur<\/h4>\n\n\n\n<p>Afin de vous opposer \u00e0 l\u2019utilisation de ces cookies, vous pouvez changer les r\u00e9glages relatifs aux cookies via votre navigateur. La plupart des navigateurs sont param\u00e9tr\u00e9s par d\u00e9faut et acceptent l\u2019installation de cookies. Vous avez la possibilit\u00e9, si vous le souhaitez, de param\u00e9trer votre navigateur afin qu\u2019il rejette syst\u00e9matiquement tous les cookies ou afin qu\u2019il accepte ou refuse, au cas par cas, les cookies pr\u00e9alablement \u00e0 leur installation. Vous pouvez \u00e9galement r\u00e9guli\u00e8rement supprimer les cookies de votre terminal via votre navigateur. La configuration de chaque navigateur est diff\u00e9rente.<\/p>\n\n\n\n<p>De mani\u00e8re g\u00e9n\u00e9rale, vous pouvez d\u00e9sactiver l\u2019utilisation de cookies en s\u00e9lectionnant les param\u00e8tres appropri\u00e9s de votre navigateur (ces r\u00e9glages sont habituellement disponibles dans le menu \u00ab options \u00bb ou \u00ab pr\u00e9f\u00e9rences \u00bb du navigateur), et ce pour chacun de vos supports de navigation (tablette, smartphone, ordinateur, etc).<\/p>\n\n\n\n<p>Nous attirons votre attention sur le fait qu\u2019une d\u00e9sactivation totale des cookies pourrait emp\u00eacher l\u2019utilisation ou l\u2019acc\u00e8s \u00e0 certaines fonctionnalit\u00e9s de notre site internet.<\/p>\n\n\n\n<p>Le menu d\u2019aide de votre navigateur vous indiquera la marche \u00e0 suivre pour g\u00e9rer vos pr\u00e9f\u00e9rences en mati\u00e8re de cookies, et est accessible aux adresses suivantes&nbsp;:<\/p>\n\n\n\n<ul class=\"wp-block-list\"><li>Pour Internet Explorer\u2122 : <a href=\"http:\/\/windows.microsoft.com\/fr-FR\/windows-vista\/Block-or-allow-cookies\" target=\"_blank\" rel=\"noreferrer noopener\">http:\/\/windows.microsoft.com\/fr-FR\/windows-vista\/Block-or-allow-cookies<\/a><\/li><li>Pour Safari\u2122 : <a href=\"http:\/\/docs.info.apple.com\/article.html?path=Safari\/3.0\/fr\/9277.html\" target=\"_blank\" rel=\"noreferrer noopener\">http:\/\/docs.info.apple.com\/article.html?path=Safari\/3.0\/fr\/9277.html<\/a><\/li><li>Pour Chrome\u2122 : <a href=\"http:\/\/support.google.com\/chrome\/bin\/answer.py?hl=fr&amp;hlrm=en&amp;answer=95647\" target=\"_blank\" rel=\"noreferrer noopener\">http:\/\/support.google.com\/chrome\/bin\/answer.py?hl=fr&amp;hlrm=en&amp;answer=95647<\/a><\/li><li>Pour Firefox\u2122 : <a href=\"http:\/\/support.mozilla.org\/fr\/kb\/Activer%20et%20d%C3%A9sactiver%20les%20cookies\" target=\"_blank\" rel=\"noreferrer noopener\">http:\/\/support.mozilla.org\/fr\/kb\/Activer%20et%20d%C3%A9sactiver%20les%20cookies<\/a><\/li><li>Pour Opera\u2122 : <a href=\"http:\/\/help.opera.com\/Windows\/10.20\/fr\/cookies.html\" target=\"_blank\" rel=\"noreferrer noopener\">http:\/\/help.opera.com\/Windows\/10.20\/fr\/cookies.html<\/a><\/li><\/ul>\n\n\n\n<h4 class=\"wp-block-heading\">Par exemple, si vous souhaitez supprimer tout ou partie des cookies, la marche \u00e0 suivre est la suivante :<\/h4>\n\n\n\n<ul class=\"wp-block-list\"><li>Si vous utilisez le navigateur Explorer : cliquez sur le bouton Outils, puis Options Internet. Sous l\u2019onglet g\u00e9n\u00e9ral, Historique de navigation, cliquez sur Param\u00e8tres. Puis cliquez sur Afficher les fichiers et s\u00e9lectionnez-le ou les Cookies que vous souhaitez d\u00e9sactiver. Fermez ensuite la fen\u00eatre qui contient cette liste de Cookies et cliquez deux fois sur OK pour retourner sur Internet.<\/li><li>Si vous utilisez le navigateur Firefox : cliquez sur l\u2019ic\u00f4ne du Menu Firefox, puis sur le bouton Outils, puis Options ; dans la fen\u00eatre qui s\u2019affiche, choisissez Vie Priv\u00e9e et cliquez sur Supprimez Cookies Sp\u00e9cifiques. S\u00e9lectionnez les Cookies que vous souhaitez d\u00e9sactiver puis supprimez-les.<\/li><li>Si vous utilisez le navigateur Safari : cliquez sur le bouton Param\u00e8tres, puis Pr\u00e9f\u00e9rences. Dans la fen\u00eatre qui s\u2019affiche, choisissez Confidentialit\u00e9\/S\u00e9curit\u00e9, et cliquez sur Afficher les Cookies. S\u00e9lectionnez les Cookies que vous souhaitez d\u00e9sactiver puis cliquez sur Effacer ou sur Tout effacer.<\/li><li>Si vous utilisez le navigateur Chrome : cliquez sur l\u2019ic\u00f4ne du menu Google Chrome, puis Param\u00e8tres. Au bas de la page, cliquez sur Afficher les param\u00e8tres avanc\u00e9s. Dans la section Confidentialit\u00e9, cliquez sur Param\u00e8tre de contenus. Pour d\u00e9sactiver les cookies : S\u00e9lectionnez Interdire \u00e0 tous les sites de stocker des donn\u00e9es, cliquez sur Cookies et donn\u00e9es de site, puis passez la souris sur le site ayant cr\u00e9\u00e9 le Cookie, et cliquez sur X dans l\u2019angle droit, ou cliquez sur Tout supprimer.<\/li><\/ul>\n<\/div><\/div>\n","protected":false},"excerpt":{"rendered":"<p>Les cookies que nous \u00e9mettons nous permettent de&nbsp;: Faciliter et am\u00e9liorer votre navigation sur notre site Le type de Terminal que vous utilisez (Smartphone, tablette, ordinateur, etc.) ; Le syst\u00e8me d\u2019exploitation de votre terminal (Mac Os, iOS, Android, Windows, BlackBerry etc.) ; Les cat\u00e9gories et versions de plug-in de votre terminal ; Votre fournisseur d\u2019acc\u00e8s [&hellip;]<\/p>\n","protected":false},"author":1,"featured_media":0,"parent":0,"menu_order":0,"comment_status":"closed","ping_status":"closed","template":"","meta":{"inline_featured_image":false,"footnotes":""},"class_list":["post-664","page","type-page","status-publish","hentry"],"yoast_head":"<!-- This site is optimized with the Yoast SEO plugin v26.8 - https:\/\/yoast.com\/product\/yoast-seo-wordpress\/ -->\n<title>Cookies policy - KILIMO PROJECT<\/title>\n<meta name=\"robots\" content=\"index, follow, max-snippet:-1, max-image-preview:large, max-video-preview:-1\" \/>\n<link rel=\"canonical\" href=\"https:\/\/kilimoproject.itk.fr\/en\/cookies-policy\/\" \/>\n<meta property=\"og:locale\" content=\"en_US\" \/>\n<meta property=\"og:type\" content=\"article\" \/>\n<meta property=\"og:title\" content=\"Cookies policy - KILIMO PROJECT\" \/>\n<meta property=\"og:description\" content=\"Les cookies que nous \u00e9mettons nous permettent de&nbsp;: Faciliter et am\u00e9liorer votre navigation sur notre site Le type de Terminal que vous utilisez (Smartphone, tablette, ordinateur, etc.) ; Le syst\u00e8me d\u2019exploitation de votre terminal (Mac Os, iOS, Android, Windows, BlackBerry etc.) ; Les cat\u00e9gories et versions de plug-in de votre terminal ; Votre fournisseur d\u2019acc\u00e8s [&hellip;]\" \/>\n<meta property=\"og:url\" content=\"https:\/\/kilimoproject.itk.fr\/en\/cookies-policy\/\" \/>\n<meta property=\"og:site_name\" content=\"KILIMO PROJECT\" \/>\n<meta property=\"article:modified_time\" content=\"2020-08-18T15:21:50+00:00\" \/>\n<meta name=\"twitter:card\" content=\"summary_large_image\" \/>\n<meta name=\"twitter:label1\" content=\"Est. reading time\" \/>\n\t<meta name=\"twitter:data1\" content=\"5 minutes\" \/>\n<script type=\"application\/ld+json\" class=\"yoast-schema-graph\">{\"@context\":\"https:\/\/schema.org\",\"@graph\":[{\"@type\":\"WebPage\",\"@id\":\"https:\/\/kilimoproject.itk.fr\/en\/cookies-policy\/\",\"url\":\"https:\/\/kilimoproject.itk.fr\/en\/cookies-policy\/\",\"name\":\"Cookies policy - KILIMO PROJECT\",\"isPartOf\":{\"@id\":\"https:\/\/kilimoproject.itk.fr\/fr\/#website\"},\"datePublished\":\"2020-07-10T13:07:07+00:00\",\"dateModified\":\"2020-08-18T15:21:50+00:00\",\"breadcrumb\":{\"@id\":\"https:\/\/kilimoproject.itk.fr\/en\/cookies-policy\/#breadcrumb\"},\"inLanguage\":\"en-US\",\"potentialAction\":[{\"@type\":\"ReadAction\",\"target\":[\"https:\/\/kilimoproject.itk.fr\/en\/cookies-policy\/\"]}]},{\"@type\":\"BreadcrumbList\",\"@id\":\"https:\/\/kilimoproject.itk.fr\/en\/cookies-policy\/#breadcrumb\",\"itemListElement\":[{\"@type\":\"ListItem\",\"position\":1,\"name\":\"Home\",\"item\":\"https:\/\/kilimoproject.itk.fr\/en\/\"},{\"@type\":\"ListItem\",\"position\":2,\"name\":\"Cookies policy\"}]},{\"@type\":\"WebSite\",\"@id\":\"https:\/\/kilimoproject.itk.fr\/fr\/#website\",\"url\":\"https:\/\/kilimoproject.itk.fr\/fr\/\",\"name\":\"KILIMO PROJECT\",\"description\":\"Kenya innovation for low input maize production\",\"publisher\":{\"@id\":\"https:\/\/kilimoproject.itk.fr\/fr\/#organization\"},\"potentialAction\":[{\"@type\":\"SearchAction\",\"target\":{\"@type\":\"EntryPoint\",\"urlTemplate\":\"https:\/\/kilimoproject.itk.fr\/fr\/?s={search_term_string}\"},\"query-input\":{\"@type\":\"PropertyValueSpecification\",\"valueRequired\":true,\"valueName\":\"search_term_string\"}}],\"inLanguage\":\"en-US\"},{\"@type\":\"Organization\",\"@id\":\"https:\/\/kilimoproject.itk.fr\/fr\/#organization\",\"name\":\"KILIMO Project\",\"url\":\"https:\/\/kilimoproject.itk.fr\/fr\/\",\"logo\":{\"@type\":\"ImageObject\",\"inLanguage\":\"en-US\",\"@id\":\"https:\/\/kilimoproject.itk.fr\/fr\/#\/schema\/logo\/image\/\",\"url\":\"https:\/\/kilimoproject.itk.fr\/wp-content\/uploads\/2020\/07\/logo_2020_kilimo_baseline-e1593677783632.png\",\"contentUrl\":\"https:\/\/kilimoproject.itk.fr\/wp-content\/uploads\/2020\/07\/logo_2020_kilimo_baseline-e1593677783632.png\",\"width\":400,\"height\":144,\"caption\":\"KILIMO Project\"},\"image\":{\"@id\":\"https:\/\/kilimoproject.itk.fr\/fr\/#\/schema\/logo\/image\/\"}}]}<\/script>\n<!-- \/ Yoast SEO plugin. -->","yoast_head_json":{"title":"Cookies policy - KILIMO PROJECT","robots":{"index":"index","follow":"follow","max-snippet":"max-snippet:-1","max-image-preview":"max-image-preview:large","max-video-preview":"max-video-preview:-1"},"canonical":"https:\/\/kilimoproject.itk.fr\/en\/cookies-policy\/","og_locale":"en_US","og_type":"article","og_title":"Cookies policy - KILIMO PROJECT","og_description":"Les cookies que nous \u00e9mettons nous permettent de&nbsp;: Faciliter et am\u00e9liorer votre navigation sur notre site Le type de Terminal que vous utilisez (Smartphone, tablette, ordinateur, etc.) ; Le syst\u00e8me d\u2019exploitation de votre terminal (Mac Os, iOS, Android, Windows, BlackBerry etc.) ; Les cat\u00e9gories et versions de plug-in de votre terminal ; Votre fournisseur d\u2019acc\u00e8s [&hellip;]","og_url":"https:\/\/kilimoproject.itk.fr\/en\/cookies-policy\/","og_site_name":"KILIMO PROJECT","article_modified_time":"2020-08-18T15:21:50+00:00","twitter_card":"summary_large_image","twitter_misc":{"Est. reading time":"5 minutes"},"schema":{"@context":"https:\/\/schema.org","@graph":[{"@type":"WebPage","@id":"https:\/\/kilimoproject.itk.fr\/en\/cookies-policy\/","url":"https:\/\/kilimoproject.itk.fr\/en\/cookies-policy\/","name":"Cookies policy - KILIMO PROJECT","isPartOf":{"@id":"https:\/\/kilimoproject.itk.fr\/fr\/#website"},"datePublished":"2020-07-10T13:07:07+00:00","dateModified":"2020-08-18T15:21:50+00:00","breadcrumb":{"@id":"https:\/\/kilimoproject.itk.fr\/en\/cookies-policy\/#breadcrumb"},"inLanguage":"en-US","potentialAction":[{"@type":"ReadAction","target":["https:\/\/kilimoproject.itk.fr\/en\/cookies-policy\/"]}]},{"@type":"BreadcrumbList","@id":"https:\/\/kilimoproject.itk.fr\/en\/cookies-policy\/#breadcrumb","itemListElement":[{"@type":"ListItem","position":1,"name":"Home","item":"https:\/\/kilimoproject.itk.fr\/en\/"},{"@type":"ListItem","position":2,"name":"Cookies policy"}]},{"@type":"WebSite","@id":"https:\/\/kilimoproject.itk.fr\/fr\/#website","url":"https:\/\/kilimoproject.itk.fr\/fr\/","name":"KILIMO PROJECT","description":"Kenya innovation for low input maize production","publisher":{"@id":"https:\/\/kilimoproject.itk.fr\/fr\/#organization"},"potentialAction":[{"@type":"SearchAction","target":{"@type":"EntryPoint","urlTemplate":"https:\/\/kilimoproject.itk.fr\/fr\/?s={search_term_string}"},"query-input":{"@type":"PropertyValueSpecification","valueRequired":true,"valueName":"search_term_string"}}],"inLanguage":"en-US"},{"@type":"Organization","@id":"https:\/\/kilimoproject.itk.fr\/fr\/#organization","name":"KILIMO Project","url":"https:\/\/kilimoproject.itk.fr\/fr\/","logo":{"@type":"ImageObject","inLanguage":"en-US","@id":"https:\/\/kilimoproject.itk.fr\/fr\/#\/schema\/logo\/image\/","url":"https:\/\/kilimoproject.itk.fr\/wp-content\/uploads\/2020\/07\/logo_2020_kilimo_baseline-e1593677783632.png","contentUrl":"https:\/\/kilimoproject.itk.fr\/wp-content\/uploads\/2020\/07\/logo_2020_kilimo_baseline-e1593677783632.png","width":400,"height":144,"caption":"KILIMO Project"},"image":{"@id":"https:\/\/kilimoproject.itk.fr\/fr\/#\/schema\/logo\/image\/"}}]}},"_links":{"self":[{"href":"https:\/\/kilimoproject.itk.fr\/en\/wp-json\/wp\/v2\/pages\/664","targetHints":{"allow":["GET"]}}],"collection":[{"href":"https:\/\/kilimoproject.itk.fr\/en\/wp-json\/wp\/v2\/pages"}],"about":[{"href":"https:\/\/kilimoproject.itk.fr\/en\/wp-json\/wp\/v2\/types\/page"}],"author":[{"embeddable":true,"href":"https:\/\/kilimoproject.itk.fr\/en\/wp-json\/wp\/v2\/users\/1"}],"replies":[{"embeddable":true,"href":"https:\/\/kilimoproject.itk.fr\/en\/wp-json\/wp\/v2\/comments?post=664"}],"version-history":[{"count":8,"href":"https:\/\/kilimoproject.itk.fr\/en\/wp-json\/wp\/v2\/pages\/664\/revisions"}],"predecessor-version":[{"id":729,"href":"https:\/\/kilimoproject.itk.fr\/en\/wp-json\/wp\/v2\/pages\/664\/revisions\/729"}],"wp:attachment":[{"href":"https:\/\/kilimoproject.itk.fr\/en\/wp-json\/wp\/v2\/media?parent=664"}],"curies":[{"name":"wp","href":"https:\/\/api.w.org\/{rel}","templated":true}]}}