{"id":1101,"date":"2020-11-13T10:51:28","date_gmt":"2020-11-13T09:51:28","guid":{"rendered":"https:\/\/kilimoproject.itk.fr\/?page_id=1101"},"modified":"2020-11-17T13:17:27","modified_gmt":"2020-11-17T12:17:27","slug":"demande-dinscription-a-la-newsletter-kilimo-project","status":"publish","type":"page","link":"https:\/\/kilimoproject.itk.fr\/fr\/demande-dinscription-a-la-newsletter-kilimo-project\/","title":{"rendered":"Demande d&rsquo;inscription \u00e0 la newsletter KILIMO Project"},"content":{"rendered":"\n<div class=\"wp-block-group\"><div class=\"wp-block-group__inner-container is-layout-flow wp-block-group-is-layout-flow\">\n<p>Rejoignez les passionn\u00e9s d&rsquo;agri-tech qui re\u00e7oivent la newsletter du projet KILIMO gratuitement et restez inform\u00e9s.<\/p>\n\n\n\n<p class=\"has-text-align-center\">RECEVEZ LA NEWSLETTER PAR MAIL<\/p>\n\n\n\n<div style=\"height:40px\" aria-hidden=\"true\" class=\"wp-block-spacer\"><\/div>\n\n\n<p>[mailjet_subscribe widget_id=\u00a0\u00bb7&Prime;]<\/p>\n<\/div><\/div>\n\n\n\n<p><\/p>\n","protected":false},"excerpt":{"rendered":"<p>Rejoignez les passionn\u00e9s d&rsquo;agri-tech qui re\u00e7oivent la newsletter du projet KILIMO gratuitement et restez inform\u00e9s. RECEVEZ LA NEWSLETTER PAR MAIL<\/p>\n","protected":false},"author":2,"featured_media":0,"parent":0,"menu_order":0,"comment_status":"closed","ping_status":"closed","template":"","meta":{"inline_featured_image":false,"footnotes":""},"class_list":["post-1101","page","type-page","status-publish","hentry"],"yoast_head":"<!-- This site is optimized with the Yoast SEO plugin v26.8 - https:\/\/yoast.com\/product\/yoast-seo-wordpress\/ -->\n<title>Demande d&#039;inscription \u00e0 la newsletter KILIMO Project - KILIMO PROJECT<\/title>\n<meta name=\"robots\" content=\"index, follow, max-snippet:-1, max-image-preview:large, max-video-preview:-1\" \/>\n<link rel=\"canonical\" href=\"https:\/\/kilimoproject.itk.fr\/fr\/demande-dinscription-a-la-newsletter-kilimo-project\/\" \/>\n<meta property=\"og:locale\" content=\"fr_FR\" \/>\n<meta property=\"og:type\" content=\"article\" \/>\n<meta property=\"og:title\" content=\"Demande d&#039;inscription \u00e0 la newsletter KILIMO Project - KILIMO PROJECT\" \/>\n<meta property=\"og:description\" content=\"Rejoignez les passionn\u00e9s d&rsquo;agri-tech qui re\u00e7oivent la newsletter du projet KILIMO gratuitement et restez inform\u00e9s. RECEVEZ LA NEWSLETTER PAR MAIL\" \/>\n<meta property=\"og:url\" content=\"https:\/\/kilimoproject.itk.fr\/fr\/demande-dinscription-a-la-newsletter-kilimo-project\/\" \/>\n<meta property=\"og:site_name\" content=\"KILIMO PROJECT\" \/>\n<meta property=\"article:modified_time\" content=\"2020-11-17T12:17:27+00:00\" \/>\n<meta name=\"twitter:card\" content=\"summary_large_image\" \/>\n<script type=\"application\/ld+json\" class=\"yoast-schema-graph\">{\"@context\":\"https:\/\/schema.org\",\"@graph\":[{\"@type\":\"WebPage\",\"@id\":\"https:\/\/kilimoproject.itk.fr\/fr\/demande-dinscription-a-la-newsletter-kilimo-project\/\",\"url\":\"https:\/\/kilimoproject.itk.fr\/fr\/demande-dinscription-a-la-newsletter-kilimo-project\/\",\"name\":\"Demande d'inscription \u00e0 la newsletter KILIMO Project - KILIMO PROJECT\",\"isPartOf\":{\"@id\":\"https:\/\/kilimoproject.itk.fr\/fr\/#website\"},\"datePublished\":\"2020-11-13T09:51:28+00:00\",\"dateModified\":\"2020-11-17T12:17:27+00:00\",\"breadcrumb\":{\"@id\":\"https:\/\/kilimoproject.itk.fr\/fr\/demande-dinscription-a-la-newsletter-kilimo-project\/#breadcrumb\"},\"inLanguage\":\"fr-FR\",\"potentialAction\":[{\"@type\":\"ReadAction\",\"target\":[\"https:\/\/kilimoproject.itk.fr\/fr\/demande-dinscription-a-la-newsletter-kilimo-project\/\"]}]},{\"@type\":\"BreadcrumbList\",\"@id\":\"https:\/\/kilimoproject.itk.fr\/fr\/demande-dinscription-a-la-newsletter-kilimo-project\/#breadcrumb\",\"itemListElement\":[{\"@type\":\"ListItem\",\"position\":1,\"name\":\"Home\",\"item\":\"https:\/\/kilimoproject.itk.fr\/fr\/\"},{\"@type\":\"ListItem\",\"position\":2,\"name\":\"Demande d&rsquo;inscription \u00e0 la newsletter KILIMO Project\"}]},{\"@type\":\"WebSite\",\"@id\":\"https:\/\/kilimoproject.itk.fr\/fr\/#website\",\"url\":\"https:\/\/kilimoproject.itk.fr\/fr\/\",\"name\":\"KILIMO PROJECT\",\"description\":\"Kenya innovation for low input maize production\",\"publisher\":{\"@id\":\"https:\/\/kilimoproject.itk.fr\/fr\/#organization\"},\"potentialAction\":[{\"@type\":\"SearchAction\",\"target\":{\"@type\":\"EntryPoint\",\"urlTemplate\":\"https:\/\/kilimoproject.itk.fr\/fr\/?s={search_term_string}\"},\"query-input\":{\"@type\":\"PropertyValueSpecification\",\"valueRequired\":true,\"valueName\":\"search_term_string\"}}],\"inLanguage\":\"fr-FR\"},{\"@type\":\"Organization\",\"@id\":\"https:\/\/kilimoproject.itk.fr\/fr\/#organization\",\"name\":\"KILIMO Project\",\"url\":\"https:\/\/kilimoproject.itk.fr\/fr\/\",\"logo\":{\"@type\":\"ImageObject\",\"inLanguage\":\"fr-FR\",\"@id\":\"https:\/\/kilimoproject.itk.fr\/fr\/#\/schema\/logo\/image\/\",\"url\":\"https:\/\/kilimoproject.itk.fr\/wp-content\/uploads\/2020\/07\/logo_2020_kilimo_baseline-e1593677783632.png\",\"contentUrl\":\"https:\/\/kilimoproject.itk.fr\/wp-content\/uploads\/2020\/07\/logo_2020_kilimo_baseline-e1593677783632.png\",\"width\":400,\"height\":144,\"caption\":\"KILIMO Project\"},\"image\":{\"@id\":\"https:\/\/kilimoproject.itk.fr\/fr\/#\/schema\/logo\/image\/\"}}]}<\/script>\n<!-- \/ Yoast SEO plugin. -->","yoast_head_json":{"title":"Demande d'inscription \u00e0 la newsletter KILIMO Project - KILIMO PROJECT","robots":{"index":"index","follow":"follow","max-snippet":"max-snippet:-1","max-image-preview":"max-image-preview:large","max-video-preview":"max-video-preview:-1"},"canonical":"https:\/\/kilimoproject.itk.fr\/fr\/demande-dinscription-a-la-newsletter-kilimo-project\/","og_locale":"fr_FR","og_type":"article","og_title":"Demande d'inscription \u00e0 la newsletter KILIMO Project - KILIMO PROJECT","og_description":"Rejoignez les passionn\u00e9s d&rsquo;agri-tech qui re\u00e7oivent la newsletter du projet KILIMO gratuitement et restez inform\u00e9s. RECEVEZ LA NEWSLETTER PAR MAIL","og_url":"https:\/\/kilimoproject.itk.fr\/fr\/demande-dinscription-a-la-newsletter-kilimo-project\/","og_site_name":"KILIMO PROJECT","article_modified_time":"2020-11-17T12:17:27+00:00","twitter_card":"summary_large_image","schema":{"@context":"https:\/\/schema.org","@graph":[{"@type":"WebPage","@id":"https:\/\/kilimoproject.itk.fr\/fr\/demande-dinscription-a-la-newsletter-kilimo-project\/","url":"https:\/\/kilimoproject.itk.fr\/fr\/demande-dinscription-a-la-newsletter-kilimo-project\/","name":"Demande d'inscription \u00e0 la newsletter KILIMO Project - KILIMO PROJECT","isPartOf":{"@id":"https:\/\/kilimoproject.itk.fr\/fr\/#website"},"datePublished":"2020-11-13T09:51:28+00:00","dateModified":"2020-11-17T12:17:27+00:00","breadcrumb":{"@id":"https:\/\/kilimoproject.itk.fr\/fr\/demande-dinscription-a-la-newsletter-kilimo-project\/#breadcrumb"},"inLanguage":"fr-FR","potentialAction":[{"@type":"ReadAction","target":["https:\/\/kilimoproject.itk.fr\/fr\/demande-dinscription-a-la-newsletter-kilimo-project\/"]}]},{"@type":"BreadcrumbList","@id":"https:\/\/kilimoproject.itk.fr\/fr\/demande-dinscription-a-la-newsletter-kilimo-project\/#breadcrumb","itemListElement":[{"@type":"ListItem","position":1,"name":"Home","item":"https:\/\/kilimoproject.itk.fr\/fr\/"},{"@type":"ListItem","position":2,"name":"Demande d&rsquo;inscription \u00e0 la newsletter KILIMO Project"}]},{"@type":"WebSite","@id":"https:\/\/kilimoproject.itk.fr\/fr\/#website","url":"https:\/\/kilimoproject.itk.fr\/fr\/","name":"KILIMO PROJECT","description":"Kenya innovation for low input maize production","publisher":{"@id":"https:\/\/kilimoproject.itk.fr\/fr\/#organization"},"potentialAction":[{"@type":"SearchAction","target":{"@type":"EntryPoint","urlTemplate":"https:\/\/kilimoproject.itk.fr\/fr\/?s={search_term_string}"},"query-input":{"@type":"PropertyValueSpecification","valueRequired":true,"valueName":"search_term_string"}}],"inLanguage":"fr-FR"},{"@type":"Organization","@id":"https:\/\/kilimoproject.itk.fr\/fr\/#organization","name":"KILIMO Project","url":"https:\/\/kilimoproject.itk.fr\/fr\/","logo":{"@type":"ImageObject","inLanguage":"fr-FR","@id":"https:\/\/kilimoproject.itk.fr\/fr\/#\/schema\/logo\/image\/","url":"https:\/\/kilimoproject.itk.fr\/wp-content\/uploads\/2020\/07\/logo_2020_kilimo_baseline-e1593677783632.png","contentUrl":"https:\/\/kilimoproject.itk.fr\/wp-content\/uploads\/2020\/07\/logo_2020_kilimo_baseline-e1593677783632.png","width":400,"height":144,"caption":"KILIMO Project"},"image":{"@id":"https:\/\/kilimoproject.itk.fr\/fr\/#\/schema\/logo\/image\/"}}]}},"_links":{"self":[{"href":"https:\/\/kilimoproject.itk.fr\/fr\/wp-json\/wp\/v2\/pages\/1101","targetHints":{"allow":["GET"]}}],"collection":[{"href":"https:\/\/kilimoproject.itk.fr\/fr\/wp-json\/wp\/v2\/pages"}],"about":[{"href":"https:\/\/kilimoproject.itk.fr\/fr\/wp-json\/wp\/v2\/types\/page"}],"author":[{"embeddable":true,"href":"https:\/\/kilimoproject.itk.fr\/fr\/wp-json\/wp\/v2\/users\/2"}],"replies":[{"embeddable":true,"href":"https:\/\/kilimoproject.itk.fr\/fr\/wp-json\/wp\/v2\/comments?post=1101"}],"version-history":[{"count":2,"href":"https:\/\/kilimoproject.itk.fr\/fr\/wp-json\/wp\/v2\/pages\/1101\/revisions"}],"predecessor-version":[{"id":1117,"href":"https:\/\/kilimoproject.itk.fr\/fr\/wp-json\/wp\/v2\/pages\/1101\/revisions\/1117"}],"wp:attachment":[{"href":"https:\/\/kilimoproject.itk.fr\/fr\/wp-json\/wp\/v2\/media?parent=1101"}],"curies":[{"name":"wp","href":"https:\/\/api.w.org\/{rel}","templated":true}]}}