{"id":1331,"date":"2021-03-24T14:20:57","date_gmt":"2021-03-24T13:20:57","guid":{"rendered":"https:\/\/kilimoproject.itk.fr\/?page_id=1331"},"modified":"2021-04-28T10:31:50","modified_gmt":"2021-04-28T08:31:50","slug":"la-modelisation","status":"publish","type":"page","link":"https:\/\/kilimoproject.itk.fr\/fr\/la-modelisation\/","title":{"rendered":"La mod\u00e9lisation"},"content":{"rendered":"\n<div class=\"wp-block-group section-hero section-hero-modelling has-background\" style=\"background-color:#eceff1\"><div class=\"wp-block-group__inner-container is-layout-flow wp-block-group-is-layout-flow\">\n<div class=\"wp-block-columns are-vertically-aligned-center is-layout-flex wp-container-core-columns-is-layout-9d6595d7 wp-block-columns-is-layout-flex\">\n<div class=\"wp-block-column is-vertically-aligned-center is-layout-flow wp-block-column-is-layout-flow\">\n<h2 class=\"wp-block-heading\" id=\"h-l-agri-intelligence-au-service-des-agriculteurs\">L\u2019agri-intelligence au service des agriculteurs<\/h2>\n\n\n\n<p class=\"has-text-align-left\">Les cultures sont des \u00e9cosyst\u00e8mes complexes dans lesquels de nombreux \u00e9l\u00e9ments sont en interaction, comme le sol, le climat, la plante, les micro-organismes, ou les interventions culturales. <br>Les \u00e9volutions des cultures tout au long de la saison sont donc difficiles \u00e0 anticiper.<br>La mod\u00e9lisation est un moyen de repr\u00e9senter les interactions entre le cycle de d\u00e9veloppement de la culture, son environnement p\u00e9doclimatique et les techniques agricoles, comme l\u2019irrigation et la fertilisation.<\/p>\n<\/div>\n\n\n\n<div class=\"wp-block-column is-vertically-aligned-center is-layout-flow wp-block-column-is-layout-flow\"><\/div>\n<\/div>\n<\/div><\/div>\n\n\n\n<div class=\"wp-block-group has-background\" style=\"background-color:#263238\"><div class=\"wp-block-group__inner-container is-layout-flow wp-block-group-is-layout-flow\">\n<h4 class=\"has-white-color has-text-color wp-block-heading\" id=\"h-d-finition-un-mod-le-agronomique-peut-se-d-finir-comme-une-repr-sentation-simplifi-e-de-la-r-alit-construite-sur-la-base-d-un-ensemble-ordonn-d-hypoth-ses-relatives-un-ph-nom-ne-observable-et-mesurable-et-ayant-pour-but-de-reproduire-au-mieux-le-comportement-du-syst-me-r-el-tudi-en-fonction-de-la-probl-matique-pos-e-et-des-objectifs-des-mod-lisateurs\">D\u00e9finition : \u00ab Un mod\u00e8le agronomique peut se d\u00e9finir comme une <strong>repr\u00e9sentation simplifi\u00e9e de la r\u00e9alit\u00e9<\/strong>, construite sur la base d\u2019un ensemble ordonn\u00e9 d\u2019hypoth\u00e8ses relatives \u00e0 un ph\u00e9nom\u00e8ne observable et mesurable, et ayant pour but de reproduire au mieux le comportement du syst\u00e8me r\u00e9el \u00e9tudi\u00e9, en fonction de la probl\u00e9matique pos\u00e9e et des objectifs des mod\u00e9lisateurs \u00bb<\/h4>\n<\/div><\/div>\n\n\n\n<div class=\"wp-block-group\"><div class=\"wp-block-group__inner-container is-layout-flow wp-block-group-is-layout-flow\">\n<h3 class=\"wp-block-heading\" id=\"h-mod-lisation-agro-environnementale\">Mod\u00e9lisation agro-environnementale<\/h3>\n\n\n\n<div style=\"height:20px\" aria-hidden=\"true\" class=\"wp-block-spacer\"><\/div>\n\n\n\n<p>Les services d\u2019agri-intelligence d\u2019ITK permettent \u00e0 l\u2019agriculteur de d\u00e9cider quand il faut planter, quelle vari\u00e9t\u00e9, quand il faut irriguer, quand il faut fertiliser, est-ce qu\u2019on a besoin de traiter. Nos services fournissent des conseils pour optimiser les pratiques agricoles afin d\u2019am\u00e9liorer le rendement de la production et de pr\u00e9server l&rsquo;environnement.<\/p>\n\n\n\n<p>Simuler l&rsquo;\u00e9volution d&rsquo;une culture gr\u00e2ce \u00e0 <strong>un mod\u00e8le agronomique offre plusieurs avantages par rapport \u00e0 l\u2019exp\u00e9rimentation<\/strong> : <\/p>\n\n\n\n<ul class=\"checks-list wp-block-list\"><li>il est possible de modifier ses variables d\u2019entr\u00e9es (par exemple le climat, les interventions humaines, ou le type de sol) et ainsi de contr\u00f4ler l\u2019environnement de simulation.<\/li><li>la simulation peut souvent fournir une information que l\u2019exp\u00e9rimentation seule n\u2019aurait pas pu offrir, parce que contrainte par le temps et par les ressources n\u00e9cessaires.<\/li><\/ul>\n\n\n\n<p>Chez ITK, l\u2019\u00e9laboration des mod\u00e8les de culture a d\u00e9but\u00e9 il y a 15 ans, bas\u00e9e sur <strong>une expertise scientifique pluridisciplinaire<\/strong>. En constante am\u00e9lioration, nos mod\u00e8les int\u00e8grent <strong>les r\u00e9sultats de publications scientifiques et les technologies les plus pertinentes<\/strong> et les plus r\u00e9centes de nombreuses disciplines&nbsp;: p\u00e9dologie, climatologie, agronomie et g\u00e9n\u00e9tique vari\u00e9tale principalement.<\/p>\n\n\n\n<p>Le mod\u00e8le ITK est un mod\u00e8le exclusif qui combine plusieurs mod\u00e8les de plantes, un mod\u00e8le de sol et d\u2019autres mod\u00e8les d\u2019\u00e9l\u00e9ments biotiques et abiotiques qui interagissent avec les plantes et le sol.&nbsp;Ce mod\u00e8le agronomique a \u00e9t\u00e9 d\u00e9velopp\u00e9 par une \u00e9quipe croissante de 50 docteurs en math\u00e9matiques appliqu\u00e9es et intelligence artificielle (phDs), et toutes ces \u00e9quations font \u00ab parler \u00bb la plante pour anticiper ses besoins et pr\u00e9venir les risques.<br><br>Nos mod\u00e8les sont <strong>modulaires<\/strong>, ils peuvent \u00eatre adapt\u00e9s pour r\u00e9pondre \u00e0 diverses probl\u00e9matiques relatives \u00e0 la production agricole, \u00e0 l\u2019environnement, \u00e0 l\u2019organisation des travaux, \u00e0 la rentabilit\u00e9 de l\u2019exploitation et au climat.<\/p>\n\n\n\n<div class=\"wp-block-group card-block has-white-background-color has-background\"><div class=\"wp-block-group__inner-container is-layout-flow wp-block-group-is-layout-flow\">\n<div class=\"wp-block-columns are-vertically-aligned-center is-layout-flex wp-container-core-columns-is-layout-9d6595d7 wp-block-columns-is-layout-flex\">\n<div class=\"wp-block-column is-vertically-aligned-center is-layout-flow wp-block-column-is-layout-flow\" style=\"flex-basis:20%\">\n<div class=\"wp-block-image is-style-default\"><figure class=\"aligncenter size-large is-resized\"><img loading=\"lazy\" decoding=\"async\" src=\"https:\/\/kilimoproject.itk.fr\/wp-content\/uploads\/2021\/03\/logo_2020_kilimo_icon.svg\" alt=\"\" class=\"wp-image-1371\" width=\"113\" height=\"113\"\/><\/figure><\/div>\n<\/div>\n\n\n\n<div class=\"wp-block-column is-vertically-aligned-center is-layout-flow wp-block-column-is-layout-flow\" style=\"flex-basis:80%\">\n<h3 class=\"gradient-text wp-block-heading\" id=\"h-la-mod-lisation-est-une-alternative-indispensable-dans-l-tude-des-impacts-sur-le-stockage-du-carbone-et-sur-le-changement-climatique\">La mod\u00e9lisation est une alternative indispensable dans l\u2019\u00e9tude des impacts sur le stockage du carbone et sur le changement climatique.<\/h3>\n<\/div>\n<\/div>\n<\/div><\/div>\n\n\n\n<p>KILIMO apporte la solution pour am\u00e9liorer la sant\u00e9 des sols et favoriser la durabilit\u00e9 agricole.&nbsp;Notre d\u00e9marche combine agronomie et \u00e9cologie pour promouvoir l\u2019agriculture de conservation des sols, dont les techniques d\u2019agriculture et de gestion des sols sont&nbsp;:<\/p>\n\n\n\n<ul class=\"checks-list wp-block-list\"><li>Moins gourmand en ressources,<\/li><li>Plus diversifi\u00e9 au fil du temps,<\/li><li>Mieux adapt\u00e9 \u00e0 l\u2019\u00e9cosyst\u00e8me kenyan<\/li><li>Et plus respectueux de l\u2019environnement et de la biodiversit\u00e9 (en particulier des sols).<\/li><\/ul>\n<\/div><\/div>\n\n\n\n<div class=\"wp-block-group gradient-background has-luminous-vivid-amber-background-color has-background\"><div class=\"wp-block-group__inner-container is-layout-flow wp-block-group-is-layout-flow\">\n<h3 class=\"has-text-align-left wp-block-heading\" id=\"h-la-valorisation-de-la-donn-e\">La valorisation de la donn\u00e9e<\/h3>\n\n\n\n<div class=\"wp-block-columns is-layout-flex wp-container-core-columns-is-layout-9d6595d7 wp-block-columns-is-layout-flex\">\n<div class=\"wp-block-column is-layout-flow wp-block-column-is-layout-flow\" style=\"flex-basis:66.66%\">\n<p class=\"has-white-color has-text-color\">Pour simuler l\u2019\u00e9volution d\u2019un syst\u00e8me agricole, il faut conna\u00eetre son \u00e9tat d\u2019origine.<\/p>\n\n\n\n<p class=\"has-white-color has-text-color\">Cet \u00e9tat est notamment renseign\u00e9 par les donn\u00e9es d\u2019entr\u00e9e du mod\u00e8le relatives au sol, au climat, \u00e0 la conduite de la culture et aux vari\u00e9t\u00e9s.<br>Nos mod\u00e8les communiquent constamment avec des bases de donn\u00e9es existantes &#8211; connect\u00e9es gr\u00e2ce \u00e0 une plateforme con\u00e7ue par ITK, &#8211; qui fournissent les informations sur le parcellaire, les caract\u00e9ristiques du sol, les param\u00e8tres m\u00e9t\u00e9orologiques et les images satellitaires. Ces connexions sont <strong>interop\u00e9rables<\/strong> et peuvent <strong>\u00eatre adapt\u00e9es \u00e0 chaque fournisseur<\/strong> et pour chaque probl\u00e9matique.<\/p>\n\n\n\n<p class=\"has-white-color has-text-color\">Dans le cadre du projet KILIMO, notre service est connect\u00e9 \u00e0 la base de donn\u00e9es de la CAMIS, fruit des efforts locaux et nationaux r\u00e9alis\u00e9s par le Comt\u00e9 du Vihiga pour structurer l&rsquo;activit\u00e9 agricole. Pour la m\u00e9t\u00e9o, KILIMO est connect\u00e9 \u00e0 de nombreux services m\u00e9t\u00e9o internationaux. De m\u00eame, la base de donn\u00e9es sols internationale fournit des informations de pr\u00e9cision sur le terroir kenyan du Vihiga.<br>Enfin, l\u2019une des \u00e9tapes importantes de la m\u00e9thodologie consiste \u00e0 coupler les images satellitaires d\u2019Airbus avec les v\u00e9rificationsau sol, pour estimer la superficie totale des champs dans le comt\u00e9 de Vihiga en couplant les limites des champs estim\u00e9es \u00e0 partir de l\u2019outil Airbus Field Finder avec certaines enqu\u00eates terrain, pour estimer les rendements au niveau du champ sur l\u2019ensemble du territoire.<\/p>\n<\/div>\n\n\n\n<div class=\"wp-block-column flex-grid col-to-row is-layout-flow wp-block-column-is-layout-flow\" style=\"flex-basis:33.33%\">\n<figure class=\"wp-block-image size-large is-resized is-style-default\"><img loading=\"lazy\" decoding=\"async\" src=\"https:\/\/kilimoproject.itk.fr\/wp-content\/uploads\/2021\/03\/sun.svg\" alt=\"\" class=\"wp-image-1550\" width=\"150\" height=\"150\"\/><\/figure>\n\n\n\n<figure class=\"wp-block-image size-large is-resized is-style-default\"><img loading=\"lazy\" decoding=\"async\" src=\"https:\/\/kilimoproject.itk.fr\/wp-content\/uploads\/2021\/03\/3d-model.svg\" alt=\"\" class=\"wp-image-1549\" width=\"150\" height=\"150\"\/><\/figure>\n\n\n\n<figure class=\"wp-block-image size-large is-resized is-style-default\"><img loading=\"lazy\" decoding=\"async\" src=\"https:\/\/kilimoproject.itk.fr\/wp-content\/uploads\/2021\/03\/satellite.svg\" alt=\"\" class=\"wp-image-1551\" width=\"150\" height=\"150\"\/><\/figure>\n<\/div>\n<\/div>\n<\/div><\/div>\n\n\n\n<div class=\"wp-block-group\"><div class=\"wp-block-group__inner-container is-layout-flow wp-block-group-is-layout-flow\">\n<h3 class=\"has-text-align-left wp-block-heading\" id=\"h-syst-me-air-sol-plante-complexe\">Syst\u00e8me air-sol-plante complexe<\/h3>\n\n\n\n<p>Le mod\u00e8le de sol est d\u00e9compos\u00e9 en trois processus principaux&nbsp;: le cycle de l\u2019eau, le cycle de l\u2019azote et le cycle N. Pour remporter le projet Kilimo, ITK a d\u00e9velopp\u00e9 un nouveau module sur le cycle du carbone. Le premier objectif  est de proposer une solution pr\u00eate \u00e0 \u00eatre utilis\u00e9e pour la longue saison 2021.<\/p>\n\n\n\n<p>Les 3 principaux processus du cycle du carbone dans le sol&nbsp;: la d\u00e9composition de la mati\u00e8re organique, le cycle des nutriments et le maintien de la structure du sol. Pour chaque processus, un protocole pr\u00e9cis sur le terrain a \u00e9t\u00e9 d\u00e9velopp\u00e9 pour estimer les param\u00e8tres cl\u00e9s. <\/p>\n\n\n\n<div style=\"height:40px\" aria-hidden=\"true\" class=\"wp-block-spacer\"><\/div>\n\n\n\n<h3 class=\"gradient-text wp-block-heading\" id=\"h-en-compilant-les-informations-scientifiques-et-les-donn-es-les-plus-pertinentes-les-mod-les-d-itk-rendent-accessible-l-agri-intelligence-au-service-des-acteurs-du-monde-agricole\">En compilant les informations scientifiques et les donn\u00e9es les plus pertinentes, les mod\u00e8les d\u2019ITK rendent accessible l\u2019agri-intelligence au service des acteurs du monde agricole.<\/h3>\n<\/div><\/div>\n\n\n\n<div class=\"wp-block-group schema-modelling\"><div class=\"wp-block-group__inner-container is-layout-flow wp-block-group-is-layout-flow\">\n<figure class=\"wp-block-image size-large is-resized full-image\"><img loading=\"lazy\" decoding=\"async\" src=\"https:\/\/kilimoproject.itk.fr\/wp-content\/uploads\/2021\/03\/kilimo_modelling_schema.svg\" alt=\"\" class=\"wp-image-1397\" width=\"167\" height=\"150\"\/><\/figure>\n\n\n\n<h4 class=\"schema-modelling-tooltip photosynthesis bottom-triangle has-luminous-vivid-amber-color has-text-color wp-block-heading\" id=\"h-photosynth-se\">Photosynth\u00e8se<\/h4>\n\n\n\n<h4 class=\"schema-modelling-tooltip evapotranspiration top-triangle has-text-color wp-block-heading\" id=\"h-evaporation\" style=\"color:#73c83c\">Evaporation<\/h4>\n\n\n\n<h4 class=\"schema-modelling-tooltip allocation top-triangle has-text-color wp-block-heading\" id=\"h-allocation\" style=\"color:#73c83c\">Allocation<\/h4>\n\n\n\n<h4 class=\"schema-modelling-tooltip water-uptake top-triangle has-vivid-cyan-blue-color has-text-color wp-block-heading\" id=\"h-absorption-d-eau\">Absorption d&rsquo;eau<\/h4>\n\n\n\n<h4 class=\"schema-modelling-tooltip nutrients-uptake top-triangle has-vivid-green-cyan-color has-text-color wp-block-heading\" id=\"h-absorption-des-nutriments\">Absorption des nutriments<\/h4>\n\n\n\n<h4 class=\"schema-modelling-tooltip runoff top-triangle has-vivid-red-color has-text-color wp-block-heading\" id=\"h-ruissellement\">Ruissellement<\/h4>\n\n\n\n<h4 class=\"schema-modelling-tooltip volatilization top-triangle has-text-color wp-block-heading\" id=\"h-volatilisation\" style=\"color:#73c83c\">Volatilisation<\/h4>\n\n\n\n<h4 class=\"schema-modelling-tooltip evaporation top-triangle has-vivid-cyan-blue-color has-text-color wp-block-heading\" id=\"h-evaporation-1\">Evaporation<\/h4>\n\n\n\n<h4 class=\"schema-modelling-tooltip rainfall bottom-triangle has-vivid-cyan-blue-color has-text-color wp-block-heading\" id=\"h-pluie\">Pluie <\/h4>\n\n\n\n<h4 class=\"schema-modelling-tooltip irrigation bottom-triangle has-vivid-cyan-blue-color has-text-color wp-block-heading\" id=\"h-irrigation\">Irrigation<\/h4>\n\n\n\n<h4 class=\"schema-modelling-tooltip fertilization bottom-triangle has-vivid-green-cyan-color has-text-color wp-block-heading\" id=\"h-fertilisation\">Fertilisation<\/h4>\n\n\n\n<h4 class=\"schema-modelling-tooltip infiltration bottom-triangle has-vivid-cyan-blue-color has-text-color wp-block-heading\" id=\"h-infiltration\">Infiltration<\/h4>\n\n\n\n<h4 class=\"schema-modelling-tooltip drainage bottom-triangle has-vivid-cyan-blue-color has-text-color wp-block-heading\" id=\"h-drainage\">Drainage<\/h4>\n\n\n\n<h4 class=\"schema-modelling-tooltip leaching bottom-triangle has-text-color wp-block-heading\" id=\"h-lessivage\" style=\"color:#73c83c\">Lessivage<\/h4>\n\n\n\n<h4 class=\"schema-modelling-tooltip microbial has-vivid-green-cyan-color has-white-background-color has-text-color has-background wp-block-heading\" id=\"h-activit-microbienne\">Activit\u00e9 microbienne<\/h4>\n\n\n\n<h4 class=\"schema-modelling-tooltip fixation has-white-color has-vivid-green-cyan-background-color has-text-color has-background wp-block-heading\" id=\"h-fixation-min-ralisation\">Fixation \/ Min\u00e9ralisation<\/h4>\n\n\n\n<p><\/p>\n<\/div><\/div>\n","protected":false},"excerpt":{"rendered":"<p>L\u2019agri-intelligence au service des agriculteurs Les cultures sont des \u00e9cosyst\u00e8mes complexes dans lesquels de nombreux \u00e9l\u00e9ments sont en interaction, comme le sol, le climat, la plante, les micro-organismes, ou les interventions culturales. Les \u00e9volutions des cultures tout au long de la saison sont donc difficiles \u00e0 anticiper.La mod\u00e9lisation est un moyen de repr\u00e9senter les interactions [&hellip;]<\/p>\n","protected":false},"author":1,"featured_media":0,"parent":0,"menu_order":0,"comment_status":"closed","ping_status":"closed","template":"","meta":{"inline_featured_image":false,"footnotes":""},"class_list":["post-1331","page","type-page","status-publish","hentry"],"yoast_head":"<!-- This site is optimized with the Yoast SEO plugin v26.8 - https:\/\/yoast.com\/product\/yoast-seo-wordpress\/ -->\n<title>La mod\u00e9lisation - KILIMO PROJECT<\/title>\n<meta name=\"robots\" content=\"index, follow, max-snippet:-1, max-image-preview:large, max-video-preview:-1\" \/>\n<link rel=\"canonical\" href=\"https:\/\/kilimoproject.itk.fr\/fr\/la-modelisation\/\" \/>\n<meta property=\"og:locale\" content=\"fr_FR\" \/>\n<meta property=\"og:type\" content=\"article\" \/>\n<meta property=\"og:title\" content=\"La mod\u00e9lisation - KILIMO PROJECT\" \/>\n<meta property=\"og:description\" content=\"L\u2019agri-intelligence au service des agriculteurs Les cultures sont des \u00e9cosyst\u00e8mes complexes dans lesquels de nombreux \u00e9l\u00e9ments sont en interaction, comme le sol, le climat, la plante, les micro-organismes, ou les interventions culturales. Les \u00e9volutions des cultures tout au long de la saison sont donc difficiles \u00e0 anticiper.La mod\u00e9lisation est un moyen de repr\u00e9senter les interactions [&hellip;]\" \/>\n<meta property=\"og:url\" content=\"https:\/\/kilimoproject.itk.fr\/fr\/la-modelisation\/\" \/>\n<meta property=\"og:site_name\" content=\"KILIMO PROJECT\" \/>\n<meta property=\"article:modified_time\" content=\"2021-04-28T08:31:50+00:00\" \/>\n<meta property=\"og:image\" content=\"https:\/\/kilimoproject.itk.fr\/wp-content\/uploads\/2021\/03\/logo_2020_kilimo_icon.svg\" \/>\n<meta name=\"twitter:card\" content=\"summary_large_image\" \/>\n<meta name=\"twitter:label1\" content=\"Dur\u00e9e de lecture estim\u00e9e\" \/>\n\t<meta name=\"twitter:data1\" content=\"5 minutes\" \/>\n<script type=\"application\/ld+json\" class=\"yoast-schema-graph\">{\"@context\":\"https:\/\/schema.org\",\"@graph\":[{\"@type\":\"WebPage\",\"@id\":\"https:\/\/kilimoproject.itk.fr\/fr\/la-modelisation\/\",\"url\":\"https:\/\/kilimoproject.itk.fr\/fr\/la-modelisation\/\",\"name\":\"La mod\u00e9lisation - KILIMO PROJECT\",\"isPartOf\":{\"@id\":\"https:\/\/kilimoproject.itk.fr\/fr\/#website\"},\"primaryImageOfPage\":{\"@id\":\"https:\/\/kilimoproject.itk.fr\/fr\/la-modelisation\/#primaryimage\"},\"image\":{\"@id\":\"https:\/\/kilimoproject.itk.fr\/fr\/la-modelisation\/#primaryimage\"},\"thumbnailUrl\":\"https:\/\/kilimoproject.itk.fr\/wp-content\/uploads\/2021\/03\/logo_2020_kilimo_icon.svg\",\"datePublished\":\"2021-03-24T13:20:57+00:00\",\"dateModified\":\"2021-04-28T08:31:50+00:00\",\"breadcrumb\":{\"@id\":\"https:\/\/kilimoproject.itk.fr\/fr\/la-modelisation\/#breadcrumb\"},\"inLanguage\":\"fr-FR\",\"potentialAction\":[{\"@type\":\"ReadAction\",\"target\":[\"https:\/\/kilimoproject.itk.fr\/fr\/la-modelisation\/\"]}]},{\"@type\":\"ImageObject\",\"inLanguage\":\"fr-FR\",\"@id\":\"https:\/\/kilimoproject.itk.fr\/fr\/la-modelisation\/#primaryimage\",\"url\":\"https:\/\/kilimoproject.itk.fr\/wp-content\/uploads\/2021\/03\/logo_2020_kilimo_icon.svg\",\"contentUrl\":\"https:\/\/kilimoproject.itk.fr\/wp-content\/uploads\/2021\/03\/logo_2020_kilimo_icon.svg\"},{\"@type\":\"BreadcrumbList\",\"@id\":\"https:\/\/kilimoproject.itk.fr\/fr\/la-modelisation\/#breadcrumb\",\"itemListElement\":[{\"@type\":\"ListItem\",\"position\":1,\"name\":\"Home\",\"item\":\"https:\/\/kilimoproject.itk.fr\/fr\/\"},{\"@type\":\"ListItem\",\"position\":2,\"name\":\"La mod\u00e9lisation\"}]},{\"@type\":\"WebSite\",\"@id\":\"https:\/\/kilimoproject.itk.fr\/fr\/#website\",\"url\":\"https:\/\/kilimoproject.itk.fr\/fr\/\",\"name\":\"KILIMO PROJECT\",\"description\":\"Kenya innovation for low input maize production\",\"publisher\":{\"@id\":\"https:\/\/kilimoproject.itk.fr\/fr\/#organization\"},\"potentialAction\":[{\"@type\":\"SearchAction\",\"target\":{\"@type\":\"EntryPoint\",\"urlTemplate\":\"https:\/\/kilimoproject.itk.fr\/fr\/?s={search_term_string}\"},\"query-input\":{\"@type\":\"PropertyValueSpecification\",\"valueRequired\":true,\"valueName\":\"search_term_string\"}}],\"inLanguage\":\"fr-FR\"},{\"@type\":\"Organization\",\"@id\":\"https:\/\/kilimoproject.itk.fr\/fr\/#organization\",\"name\":\"KILIMO Project\",\"url\":\"https:\/\/kilimoproject.itk.fr\/fr\/\",\"logo\":{\"@type\":\"ImageObject\",\"inLanguage\":\"fr-FR\",\"@id\":\"https:\/\/kilimoproject.itk.fr\/fr\/#\/schema\/logo\/image\/\",\"url\":\"https:\/\/kilimoproject.itk.fr\/wp-content\/uploads\/2020\/07\/logo_2020_kilimo_baseline-e1593677783632.png\",\"contentUrl\":\"https:\/\/kilimoproject.itk.fr\/wp-content\/uploads\/2020\/07\/logo_2020_kilimo_baseline-e1593677783632.png\",\"width\":400,\"height\":144,\"caption\":\"KILIMO Project\"},\"image\":{\"@id\":\"https:\/\/kilimoproject.itk.fr\/fr\/#\/schema\/logo\/image\/\"}}]}<\/script>\n<!-- \/ Yoast SEO plugin. -->","yoast_head_json":{"title":"La mod\u00e9lisation - KILIMO PROJECT","robots":{"index":"index","follow":"follow","max-snippet":"max-snippet:-1","max-image-preview":"max-image-preview:large","max-video-preview":"max-video-preview:-1"},"canonical":"https:\/\/kilimoproject.itk.fr\/fr\/la-modelisation\/","og_locale":"fr_FR","og_type":"article","og_title":"La mod\u00e9lisation - KILIMO PROJECT","og_description":"L\u2019agri-intelligence au service des agriculteurs Les cultures sont des \u00e9cosyst\u00e8mes complexes dans lesquels de nombreux \u00e9l\u00e9ments sont en interaction, comme le sol, le climat, la plante, les micro-organismes, ou les interventions culturales. Les \u00e9volutions des cultures tout au long de la saison sont donc difficiles \u00e0 anticiper.La mod\u00e9lisation est un moyen de repr\u00e9senter les interactions [&hellip;]","og_url":"https:\/\/kilimoproject.itk.fr\/fr\/la-modelisation\/","og_site_name":"KILIMO PROJECT","article_modified_time":"2021-04-28T08:31:50+00:00","og_image":[{"url":"https:\/\/kilimoproject.itk.fr\/wp-content\/uploads\/2021\/03\/logo_2020_kilimo_icon.svg","type":"","width":"","height":""}],"twitter_card":"summary_large_image","twitter_misc":{"Dur\u00e9e de lecture estim\u00e9e":"5 minutes"},"schema":{"@context":"https:\/\/schema.org","@graph":[{"@type":"WebPage","@id":"https:\/\/kilimoproject.itk.fr\/fr\/la-modelisation\/","url":"https:\/\/kilimoproject.itk.fr\/fr\/la-modelisation\/","name":"La mod\u00e9lisation - KILIMO PROJECT","isPartOf":{"@id":"https:\/\/kilimoproject.itk.fr\/fr\/#website"},"primaryImageOfPage":{"@id":"https:\/\/kilimoproject.itk.fr\/fr\/la-modelisation\/#primaryimage"},"image":{"@id":"https:\/\/kilimoproject.itk.fr\/fr\/la-modelisation\/#primaryimage"},"thumbnailUrl":"https:\/\/kilimoproject.itk.fr\/wp-content\/uploads\/2021\/03\/logo_2020_kilimo_icon.svg","datePublished":"2021-03-24T13:20:57+00:00","dateModified":"2021-04-28T08:31:50+00:00","breadcrumb":{"@id":"https:\/\/kilimoproject.itk.fr\/fr\/la-modelisation\/#breadcrumb"},"inLanguage":"fr-FR","potentialAction":[{"@type":"ReadAction","target":["https:\/\/kilimoproject.itk.fr\/fr\/la-modelisation\/"]}]},{"@type":"ImageObject","inLanguage":"fr-FR","@id":"https:\/\/kilimoproject.itk.fr\/fr\/la-modelisation\/#primaryimage","url":"https:\/\/kilimoproject.itk.fr\/wp-content\/uploads\/2021\/03\/logo_2020_kilimo_icon.svg","contentUrl":"https:\/\/kilimoproject.itk.fr\/wp-content\/uploads\/2021\/03\/logo_2020_kilimo_icon.svg"},{"@type":"BreadcrumbList","@id":"https:\/\/kilimoproject.itk.fr\/fr\/la-modelisation\/#breadcrumb","itemListElement":[{"@type":"ListItem","position":1,"name":"Home","item":"https:\/\/kilimoproject.itk.fr\/fr\/"},{"@type":"ListItem","position":2,"name":"La mod\u00e9lisation"}]},{"@type":"WebSite","@id":"https:\/\/kilimoproject.itk.fr\/fr\/#website","url":"https:\/\/kilimoproject.itk.fr\/fr\/","name":"KILIMO PROJECT","description":"Kenya innovation for low input maize production","publisher":{"@id":"https:\/\/kilimoproject.itk.fr\/fr\/#organization"},"potentialAction":[{"@type":"SearchAction","target":{"@type":"EntryPoint","urlTemplate":"https:\/\/kilimoproject.itk.fr\/fr\/?s={search_term_string}"},"query-input":{"@type":"PropertyValueSpecification","valueRequired":true,"valueName":"search_term_string"}}],"inLanguage":"fr-FR"},{"@type":"Organization","@id":"https:\/\/kilimoproject.itk.fr\/fr\/#organization","name":"KILIMO Project","url":"https:\/\/kilimoproject.itk.fr\/fr\/","logo":{"@type":"ImageObject","inLanguage":"fr-FR","@id":"https:\/\/kilimoproject.itk.fr\/fr\/#\/schema\/logo\/image\/","url":"https:\/\/kilimoproject.itk.fr\/wp-content\/uploads\/2020\/07\/logo_2020_kilimo_baseline-e1593677783632.png","contentUrl":"https:\/\/kilimoproject.itk.fr\/wp-content\/uploads\/2020\/07\/logo_2020_kilimo_baseline-e1593677783632.png","width":400,"height":144,"caption":"KILIMO Project"},"image":{"@id":"https:\/\/kilimoproject.itk.fr\/fr\/#\/schema\/logo\/image\/"}}]}},"_links":{"self":[{"href":"https:\/\/kilimoproject.itk.fr\/fr\/wp-json\/wp\/v2\/pages\/1331","targetHints":{"allow":["GET"]}}],"collection":[{"href":"https:\/\/kilimoproject.itk.fr\/fr\/wp-json\/wp\/v2\/pages"}],"about":[{"href":"https:\/\/kilimoproject.itk.fr\/fr\/wp-json\/wp\/v2\/types\/page"}],"author":[{"embeddable":true,"href":"https:\/\/kilimoproject.itk.fr\/fr\/wp-json\/wp\/v2\/users\/1"}],"replies":[{"embeddable":true,"href":"https:\/\/kilimoproject.itk.fr\/fr\/wp-json\/wp\/v2\/comments?post=1331"}],"version-history":[{"count":160,"href":"https:\/\/kilimoproject.itk.fr\/fr\/wp-json\/wp\/v2\/pages\/1331\/revisions"}],"predecessor-version":[{"id":1674,"href":"https:\/\/kilimoproject.itk.fr\/fr\/wp-json\/wp\/v2\/pages\/1331\/revisions\/1674"}],"wp:attachment":[{"href":"https:\/\/kilimoproject.itk.fr\/fr\/wp-json\/wp\/v2\/media?parent=1331"}],"curies":[{"name":"wp","href":"https:\/\/api.w.org\/{rel}","templated":true}]}}