{"id":1579,"date":"2021-04-27T11:01:22","date_gmt":"2021-04-27T09:01:22","guid":{"rendered":"https:\/\/kilimoproject.itk.fr\/?page_id=1579"},"modified":"2021-04-27T16:13:36","modified_gmt":"2021-04-27T14:13:36","slug":"les-benefices-pour-les-agriculteurs-kenyans","status":"publish","type":"page","link":"https:\/\/kilimoproject.itk.fr\/fr\/les-benefices-pour-les-agriculteurs-kenyans\/","title":{"rendered":"Les b\u00e9n\u00e9fices pour les agriculteurs kenyans"},"content":{"rendered":"\n<div class=\"wp-block-group section-hero section-hero-benefits-farmers has-background\" style=\"background-color:#eceff1\"><div class=\"wp-block-group__inner-container is-layout-flow wp-block-group-is-layout-flow\">\n<div class=\"wp-block-columns are-vertically-aligned-center is-layout-flex wp-container-core-columns-is-layout-9d6595d7 wp-block-columns-is-layout-flex\">\n<div class=\"wp-block-column is-vertically-aligned-center is-layout-flow wp-block-column-is-layout-flow\">\n<h2 class=\"wp-block-heading\" id=\"h-une-agriculture-vivri-re-largement-dominante\">Une agriculture vivri\u00e8re largement dominante<\/h2>\n\n\n\n<p>L\u2019<strong>agriculture vivri\u00e8re<\/strong>, tourn\u00e9e essentiellement vers l\u2019autoconsommation et l\u2019\u00e9conomie de subsistance,est encore largement dominante dans le comt\u00e9 du Vihiga au Kenya. Cette forme d\u2019agriculture, \u00e0 <strong>tr\u00e8s<\/strong> <strong>faibles rendements<\/strong>, permet aux populations rurales de se nourrir. Avec des acc\u00e8s limit\u00e9s aux march\u00e9s ext\u00e9rieurs et <strong>g\u00e9n\u00e9rant peu d\u2019exc\u00e9dent<\/strong>, elle ne permet toutefois pas \u00e0 ces populations de sortir de la pauvret\u00e9 rendant cette \u00e9conomie locale <strong>particuli\u00e8rement vuln\u00e9rable aux cons\u00e9quences des \u00e9v\u00e9nements climatiques locaux<\/strong> (s\u00e9cheresse, saison des pluies tardive ou pr\u00e9coce, etc.).<\/p>\n<\/div>\n\n\n\n<div class=\"wp-block-column is-vertically-aligned-center is-layout-flow wp-block-column-is-layout-flow\"><\/div>\n<\/div>\n<\/div><\/div>\n\n\n\n<div class=\"wp-block-group gradient-background has-white-color has-luminous-vivid-amber-background-color has-text-color has-background\"><div class=\"wp-block-group__inner-container is-layout-flow wp-block-group-is-layout-flow\">\n<p class=\"has-white-color has-text-color\">Elle se caract\u00e9rise par un parcellaire tr\u00e8s fragment\u00e9 accueillant de multiples cultures associ\u00e9es (ma\u00efs, haricot, banane, ligneux etc.). Les pratiques agronomiques et les moyens mat\u00e9riaux ne sont pas adapt\u00e9s \u00e0 une production plus intensive\u00a0: l\u2019apport d\u2019intrants est encore al\u00e9atoire, pas de m\u00e9canisation et peu d\u2019accompagnement technique pour faire \u00e9voluer les pratiques.<\/p>\n<\/div><\/div>\n\n\n\n<div class=\"wp-block-group has-background\" style=\"background-color:#263238\"><div class=\"wp-block-group__inner-container is-layout-flow wp-block-group-is-layout-flow\">\n<h3 class=\"has-white-color has-text-color wp-block-heading\" id=\"h-transfert-de-comp-tences-et-formation-l-agriculture-de-pr-cision-1\">Transfert de comp\u00e9tences et formation \u00e0 l\u2019agriculture de pr\u00e9cision<\/h3>\n\n\n\n<p class=\"has-white-color has-text-color\">L\u2019objectif principal d\u2019ITK est d\u2019assurer une <strong>souverainet\u00e9 agricole<\/strong> au comt\u00e9 gr\u00e2ce \u00e0 de meilleurs rendements et, par cons\u00e9quent, d\u2019<strong>am\u00e9liorer la qualit\u00e9 de vie des cultivateurs <\/strong>en s\u00e9curisant leur source d\u2019alimentation et en g\u00e9n\u00e9rant un exc\u00e9dent tourn\u00e9 vers le march\u00e9 local, national voire international. Cet objectif passe par une prise en main d\u2019outils d\u2019aide \u00e0 la d\u00e9cision, construits dans <strong>le respect des pratiques locales<\/strong>, et tourn\u00e9 vers des pratiques durables incluant <strong>l\u2019am\u00e9lioration de la qualit\u00e9 des sols<\/strong> et de la <strong>s\u00e9questration du carbone<\/strong>.<\/p>\n\n\n\n<p class=\"has-white-color has-text-color\">Les outils mis en place fournissent aux techniciens des conseils quant \u00e0 l\u2019am\u00e9lioration des <strong>connaissances de base\u00a0sur le parcellaire<\/strong>\u00a0(tailles, calculs des besoins en semences et intrants etc.), sur <strong>les pratiques agronomiques respectueuses des sols<\/strong> (rotations, pr\u00e9c\u00e9dents culturaux, labours, couverts etc.) et sur <strong>l\u2019optimisation de l\u2019utilisation des intrants<\/strong> (r\u00e9duction des trafics, quantit\u00e9 et p\u00e9riode optimale d\u2019application, et diminution progressive en faveur d\u2019une fertilit\u00e9 naturelle accrue des sols).<\/p>\n<\/div><\/div>\n\n\n\n<div class=\"wp-block-group\"><div class=\"wp-block-group__inner-container is-layout-flow wp-block-group-is-layout-flow\">\n<h3 class=\"wp-block-heading\" id=\"h-susciter-des-changements-de-pratiques-agricoles-plus-durables\">Susciter des changements de pratiques agricoles plus durables<\/h3>\n\n\n\n<div style=\"height:20px\" aria-hidden=\"true\" class=\"wp-block-spacer\"><\/div>\n\n\n\n<p>Pour atteindre nos objectifs, un ensemble d\u2019indicateurs seront consultables depuis l\u2019outil <strong>FieldSim <\/strong>d\u2019ITK\u00a0:<\/p>\n\n\n\n<div style=\"height:40px\" aria-hidden=\"true\" class=\"wp-block-spacer\"><\/div>\n\n\n\n<div class=\"wp-block-columns is-layout-flex wp-container-core-columns-is-layout-9d6595d7 wp-block-columns-is-layout-flex\">\n<div class=\"wp-block-column is-layout-flow wp-block-column-is-layout-flow\">\n<div class=\"wp-block-group card-block\"><div class=\"wp-block-group__inner-container is-layout-flow wp-block-group-is-layout-flow\">\n<div class=\"wp-block-image is-style-default\"><figure class=\"aligncenter size-large is-resized\"><img loading=\"lazy\" decoding=\"async\" src=\"https:\/\/kilimoproject.itk.fr\/wp-content\/uploads\/2021\/04\/kilimo_icon_soil-nitrogen.svg\" alt=\"\" class=\"wp-image-1606\" width=\"150\" height=\"150\"\/><\/figure><\/div>\n\n\n\n<h4 class=\"has-text-align-center wp-block-heading\" id=\"h-pour-le-stockage-du-carbone\">Pour le stockage du carbone<\/h4>\n\n\n\n<div style=\"height:20px\" aria-hidden=\"true\" class=\"wp-block-spacer\"><\/div>\n\n\n\n<ul class=\"checks-list wp-block-list\"><li>Un <strong>indicateur de quantit\u00e9 de carbone<\/strong> stock\u00e9 ou perdu au cours de la saison.<\/li><li>Un <strong>indicateur d\u2019\u00e9valuation des pratiques<\/strong> r\u00e9alis\u00e9es pour optimiser les quantit\u00e9s de carbone stock\u00e9es dans le sol sur le moyen et long terme.<\/li><\/ul>\n<\/div><\/div>\n<\/div>\n\n\n\n<div class=\"wp-block-column is-layout-flow wp-block-column-is-layout-flow\">\n<div class=\"wp-block-group card-block\"><div class=\"wp-block-group__inner-container is-layout-flow wp-block-group-is-layout-flow\">\n<div class=\"wp-block-image is-style-default\"><figure class=\"aligncenter size-large is-resized\"><img loading=\"lazy\" decoding=\"async\" src=\"https:\/\/kilimoproject.itk.fr\/wp-content\/uploads\/2021\/04\/kilimo_icon_profitability.svg\" alt=\"\" class=\"wp-image-1605\" width=\"150\" height=\"150\"\/><\/figure><\/div>\n\n\n\n<h4 class=\"has-text-align-center wp-block-heading\" id=\"h-pour-le-retour-sur-investissement\">Pour le retour sur investissement<\/h4>\n\n\n\n<div style=\"height:20px\" aria-hidden=\"true\" class=\"wp-block-spacer\"><\/div>\n\n\n\n<ul class=\"checks-list wp-block-list\"><li>Un indicateur visant \u00e0 maximiser les retours sur investissement (par exemple en optimisant la date d\u2019apport des fertilisations, afin de maximiser le rendement tout en limitant le co\u00fbt des intrants).<\/li><\/ul>\n<\/div><\/div>\n<\/div>\n<\/div>\n\n\n\n<p>Ces indicateurs doivent permettre aux techniciens conseil d\u2019orienter les agriculteurs vers des pratiques culturales plus durables pour la sant\u00e9 des sols et le stockage de carbone,<strong> sans p\u00e9naliser la production<\/strong>.<\/p>\n\n\n\n<p>Par ailleurs, FieldSim<ins>,<\/ins> \u00e0 travers le couplage \u00e0 l\u2019outil d\u2019aide \u00e0 la d\u00e9cision CropWin, permet de <strong>personnaliser les recommandations \u00e0 l\u2019\u00e9chelle de la parcelle<\/strong> en fonction de sa localisation, de l\u2019itin\u00e9raire technique choisi&nbsp;:<\/p>\n\n\n\n<ul class=\"checks-list wp-block-list\"><li><strong>Planification<\/strong> dans le temps et suivi des interventions tout au long de la campagne de production de ma\u00efs (labour, semis, fertilisation, r\u00e9colte, etc.).<\/li><li>Envoi tous les trois jours des <strong>pr\u00e9visions m\u00e9t\u00e9orologiques<\/strong> afin de mieux anticiper certaines interventions (pour le semis par exemple).<\/li><li><strong>Syst\u00e8me d\u2019envoi et de rappel SMS<\/strong> automatique pour s\u2019assurer du suivi des recommandations dans les d\u00e9lais (par exemple pour rappeler \u00e0 l\u2019utilisateur de se fournir en fertilisant et semences avant le d\u00e9but de la saison).<\/li><\/ul>\n<\/div><\/div>\n\n\n\n<div class=\"wp-block-image is-style-default\"><figure class=\"aligncenter size-full\"><img loading=\"lazy\" decoding=\"async\" width=\"950\" height=\"950\" src=\"https:\/\/kilimoproject.itk.fr\/wp-content\/uploads\/2021\/04\/kilimo_benefits-farmers_fieldSim_section.jpg\" alt=\"\" class=\"wp-image-1608\" srcset=\"https:\/\/kilimoproject.itk.fr\/wp-content\/uploads\/2021\/04\/kilimo_benefits-farmers_fieldSim_section.jpg 950w, https:\/\/kilimoproject.itk.fr\/wp-content\/uploads\/2021\/04\/kilimo_benefits-farmers_fieldSim_section-300x300.jpg 300w, https:\/\/kilimoproject.itk.fr\/wp-content\/uploads\/2021\/04\/kilimo_benefits-farmers_fieldSim_section-150x150.jpg 150w, https:\/\/kilimoproject.itk.fr\/wp-content\/uploads\/2021\/04\/kilimo_benefits-farmers_fieldSim_section-768x768.jpg 768w\" sizes=\"auto, (max-width: 950px) 100vw, 950px\" \/><\/figure><\/div>\n","protected":false},"excerpt":{"rendered":"<p>Une agriculture vivri\u00e8re largement dominante L\u2019agriculture vivri\u00e8re, tourn\u00e9e essentiellement vers l\u2019autoconsommation et l\u2019\u00e9conomie de subsistance,est encore largement dominante dans le comt\u00e9 du Vihiga au Kenya. Cette forme d\u2019agriculture, \u00e0 tr\u00e8s faibles rendements, permet aux populations rurales de se nourrir. Avec des acc\u00e8s limit\u00e9s aux march\u00e9s ext\u00e9rieurs et g\u00e9n\u00e9rant peu d\u2019exc\u00e9dent, elle ne permet toutefois pas [&hellip;]<\/p>\n","protected":false},"author":1,"featured_media":1343,"parent":0,"menu_order":0,"comment_status":"closed","ping_status":"closed","template":"","meta":{"inline_featured_image":false,"footnotes":""},"class_list":["post-1579","page","type-page","status-publish","has-post-thumbnail","hentry"],"yoast_head":"<!-- This site is optimized with the Yoast SEO plugin v26.8 - https:\/\/yoast.com\/product\/yoast-seo-wordpress\/ -->\n<title>Les b\u00e9n\u00e9fices pour les agriculteurs kenyans - KILIMO PROJECT<\/title>\n<meta name=\"robots\" content=\"index, follow, max-snippet:-1, max-image-preview:large, max-video-preview:-1\" \/>\n<link rel=\"canonical\" href=\"https:\/\/kilimoproject.itk.fr\/fr\/les-benefices-pour-les-agriculteurs-kenyans\/\" \/>\n<meta property=\"og:locale\" content=\"fr_FR\" \/>\n<meta property=\"og:type\" content=\"article\" \/>\n<meta property=\"og:title\" content=\"Les b\u00e9n\u00e9fices pour les agriculteurs kenyans - KILIMO PROJECT\" \/>\n<meta property=\"og:description\" content=\"Une agriculture vivri\u00e8re largement dominante L\u2019agriculture vivri\u00e8re, tourn\u00e9e essentiellement vers l\u2019autoconsommation et l\u2019\u00e9conomie de subsistance,est encore largement dominante dans le comt\u00e9 du Vihiga au Kenya. Cette forme d\u2019agriculture, \u00e0 tr\u00e8s faibles rendements, permet aux populations rurales de se nourrir. Avec des acc\u00e8s limit\u00e9s aux march\u00e9s ext\u00e9rieurs et g\u00e9n\u00e9rant peu d\u2019exc\u00e9dent, elle ne permet toutefois pas [&hellip;]\" \/>\n<meta property=\"og:url\" content=\"https:\/\/kilimoproject.itk.fr\/fr\/les-benefices-pour-les-agriculteurs-kenyans\/\" \/>\n<meta property=\"og:site_name\" content=\"KILIMO PROJECT\" \/>\n<meta property=\"article:modified_time\" content=\"2021-04-27T14:13:36+00:00\" \/>\n<meta property=\"og:image\" content=\"https:\/\/kilimoproject.itk.fr\/wp-content\/uploads\/2021\/03\/kilimo_modelling_hero_section.png\" \/>\n\t<meta property=\"og:image:width\" content=\"765\" \/>\n\t<meta property=\"og:image:height\" content=\"600\" \/>\n\t<meta property=\"og:image:type\" content=\"image\/png\" \/>\n<meta name=\"twitter:card\" content=\"summary_large_image\" \/>\n<meta name=\"twitter:label1\" content=\"Dur\u00e9e de lecture estim\u00e9e\" \/>\n\t<meta name=\"twitter:data1\" content=\"3 minutes\" \/>\n<script type=\"application\/ld+json\" class=\"yoast-schema-graph\">{\"@context\":\"https:\/\/schema.org\",\"@graph\":[{\"@type\":\"WebPage\",\"@id\":\"https:\/\/kilimoproject.itk.fr\/fr\/les-benefices-pour-les-agriculteurs-kenyans\/\",\"url\":\"https:\/\/kilimoproject.itk.fr\/fr\/les-benefices-pour-les-agriculteurs-kenyans\/\",\"name\":\"Les b\u00e9n\u00e9fices pour les agriculteurs kenyans - KILIMO PROJECT\",\"isPartOf\":{\"@id\":\"https:\/\/kilimoproject.itk.fr\/fr\/#website\"},\"primaryImageOfPage\":{\"@id\":\"https:\/\/kilimoproject.itk.fr\/fr\/les-benefices-pour-les-agriculteurs-kenyans\/#primaryimage\"},\"image\":{\"@id\":\"https:\/\/kilimoproject.itk.fr\/fr\/les-benefices-pour-les-agriculteurs-kenyans\/#primaryimage\"},\"thumbnailUrl\":\"https:\/\/kilimoproject.itk.fr\/wp-content\/uploads\/2021\/03\/kilimo_modelling_hero_section.png\",\"datePublished\":\"2021-04-27T09:01:22+00:00\",\"dateModified\":\"2021-04-27T14:13:36+00:00\",\"breadcrumb\":{\"@id\":\"https:\/\/kilimoproject.itk.fr\/fr\/les-benefices-pour-les-agriculteurs-kenyans\/#breadcrumb\"},\"inLanguage\":\"fr-FR\",\"potentialAction\":[{\"@type\":\"ReadAction\",\"target\":[\"https:\/\/kilimoproject.itk.fr\/fr\/les-benefices-pour-les-agriculteurs-kenyans\/\"]}]},{\"@type\":\"ImageObject\",\"inLanguage\":\"fr-FR\",\"@id\":\"https:\/\/kilimoproject.itk.fr\/fr\/les-benefices-pour-les-agriculteurs-kenyans\/#primaryimage\",\"url\":\"https:\/\/kilimoproject.itk.fr\/wp-content\/uploads\/2021\/03\/kilimo_modelling_hero_section.png\",\"contentUrl\":\"https:\/\/kilimoproject.itk.fr\/wp-content\/uploads\/2021\/03\/kilimo_modelling_hero_section.png\",\"width\":765,\"height\":600},{\"@type\":\"BreadcrumbList\",\"@id\":\"https:\/\/kilimoproject.itk.fr\/fr\/les-benefices-pour-les-agriculteurs-kenyans\/#breadcrumb\",\"itemListElement\":[{\"@type\":\"ListItem\",\"position\":1,\"name\":\"Home\",\"item\":\"https:\/\/kilimoproject.itk.fr\/fr\/\"},{\"@type\":\"ListItem\",\"position\":2,\"name\":\"Les b\u00e9n\u00e9fices pour les agriculteurs kenyans\"}]},{\"@type\":\"WebSite\",\"@id\":\"https:\/\/kilimoproject.itk.fr\/fr\/#website\",\"url\":\"https:\/\/kilimoproject.itk.fr\/fr\/\",\"name\":\"KILIMO PROJECT\",\"description\":\"Kenya innovation for low input maize production\",\"publisher\":{\"@id\":\"https:\/\/kilimoproject.itk.fr\/fr\/#organization\"},\"potentialAction\":[{\"@type\":\"SearchAction\",\"target\":{\"@type\":\"EntryPoint\",\"urlTemplate\":\"https:\/\/kilimoproject.itk.fr\/fr\/?s={search_term_string}\"},\"query-input\":{\"@type\":\"PropertyValueSpecification\",\"valueRequired\":true,\"valueName\":\"search_term_string\"}}],\"inLanguage\":\"fr-FR\"},{\"@type\":\"Organization\",\"@id\":\"https:\/\/kilimoproject.itk.fr\/fr\/#organization\",\"name\":\"KILIMO Project\",\"url\":\"https:\/\/kilimoproject.itk.fr\/fr\/\",\"logo\":{\"@type\":\"ImageObject\",\"inLanguage\":\"fr-FR\",\"@id\":\"https:\/\/kilimoproject.itk.fr\/fr\/#\/schema\/logo\/image\/\",\"url\":\"https:\/\/kilimoproject.itk.fr\/wp-content\/uploads\/2020\/07\/logo_2020_kilimo_baseline-e1593677783632.png\",\"contentUrl\":\"https:\/\/kilimoproject.itk.fr\/wp-content\/uploads\/2020\/07\/logo_2020_kilimo_baseline-e1593677783632.png\",\"width\":400,\"height\":144,\"caption\":\"KILIMO Project\"},\"image\":{\"@id\":\"https:\/\/kilimoproject.itk.fr\/fr\/#\/schema\/logo\/image\/\"}}]}<\/script>\n<!-- \/ Yoast SEO plugin. -->","yoast_head_json":{"title":"Les b\u00e9n\u00e9fices pour les agriculteurs kenyans - KILIMO PROJECT","robots":{"index":"index","follow":"follow","max-snippet":"max-snippet:-1","max-image-preview":"max-image-preview:large","max-video-preview":"max-video-preview:-1"},"canonical":"https:\/\/kilimoproject.itk.fr\/fr\/les-benefices-pour-les-agriculteurs-kenyans\/","og_locale":"fr_FR","og_type":"article","og_title":"Les b\u00e9n\u00e9fices pour les agriculteurs kenyans - KILIMO PROJECT","og_description":"Une agriculture vivri\u00e8re largement dominante L\u2019agriculture vivri\u00e8re, tourn\u00e9e essentiellement vers l\u2019autoconsommation et l\u2019\u00e9conomie de subsistance,est encore largement dominante dans le comt\u00e9 du Vihiga au Kenya. Cette forme d\u2019agriculture, \u00e0 tr\u00e8s faibles rendements, permet aux populations rurales de se nourrir. Avec des acc\u00e8s limit\u00e9s aux march\u00e9s ext\u00e9rieurs et g\u00e9n\u00e9rant peu d\u2019exc\u00e9dent, elle ne permet toutefois pas [&hellip;]","og_url":"https:\/\/kilimoproject.itk.fr\/fr\/les-benefices-pour-les-agriculteurs-kenyans\/","og_site_name":"KILIMO PROJECT","article_modified_time":"2021-04-27T14:13:36+00:00","og_image":[{"width":765,"height":600,"url":"https:\/\/kilimoproject.itk.fr\/wp-content\/uploads\/2021\/03\/kilimo_modelling_hero_section.png","type":"image\/png"}],"twitter_card":"summary_large_image","twitter_misc":{"Dur\u00e9e de lecture estim\u00e9e":"3 minutes"},"schema":{"@context":"https:\/\/schema.org","@graph":[{"@type":"WebPage","@id":"https:\/\/kilimoproject.itk.fr\/fr\/les-benefices-pour-les-agriculteurs-kenyans\/","url":"https:\/\/kilimoproject.itk.fr\/fr\/les-benefices-pour-les-agriculteurs-kenyans\/","name":"Les b\u00e9n\u00e9fices pour les agriculteurs kenyans - KILIMO PROJECT","isPartOf":{"@id":"https:\/\/kilimoproject.itk.fr\/fr\/#website"},"primaryImageOfPage":{"@id":"https:\/\/kilimoproject.itk.fr\/fr\/les-benefices-pour-les-agriculteurs-kenyans\/#primaryimage"},"image":{"@id":"https:\/\/kilimoproject.itk.fr\/fr\/les-benefices-pour-les-agriculteurs-kenyans\/#primaryimage"},"thumbnailUrl":"https:\/\/kilimoproject.itk.fr\/wp-content\/uploads\/2021\/03\/kilimo_modelling_hero_section.png","datePublished":"2021-04-27T09:01:22+00:00","dateModified":"2021-04-27T14:13:36+00:00","breadcrumb":{"@id":"https:\/\/kilimoproject.itk.fr\/fr\/les-benefices-pour-les-agriculteurs-kenyans\/#breadcrumb"},"inLanguage":"fr-FR","potentialAction":[{"@type":"ReadAction","target":["https:\/\/kilimoproject.itk.fr\/fr\/les-benefices-pour-les-agriculteurs-kenyans\/"]}]},{"@type":"ImageObject","inLanguage":"fr-FR","@id":"https:\/\/kilimoproject.itk.fr\/fr\/les-benefices-pour-les-agriculteurs-kenyans\/#primaryimage","url":"https:\/\/kilimoproject.itk.fr\/wp-content\/uploads\/2021\/03\/kilimo_modelling_hero_section.png","contentUrl":"https:\/\/kilimoproject.itk.fr\/wp-content\/uploads\/2021\/03\/kilimo_modelling_hero_section.png","width":765,"height":600},{"@type":"BreadcrumbList","@id":"https:\/\/kilimoproject.itk.fr\/fr\/les-benefices-pour-les-agriculteurs-kenyans\/#breadcrumb","itemListElement":[{"@type":"ListItem","position":1,"name":"Home","item":"https:\/\/kilimoproject.itk.fr\/fr\/"},{"@type":"ListItem","position":2,"name":"Les b\u00e9n\u00e9fices pour les agriculteurs kenyans"}]},{"@type":"WebSite","@id":"https:\/\/kilimoproject.itk.fr\/fr\/#website","url":"https:\/\/kilimoproject.itk.fr\/fr\/","name":"KILIMO PROJECT","description":"Kenya innovation for low input maize production","publisher":{"@id":"https:\/\/kilimoproject.itk.fr\/fr\/#organization"},"potentialAction":[{"@type":"SearchAction","target":{"@type":"EntryPoint","urlTemplate":"https:\/\/kilimoproject.itk.fr\/fr\/?s={search_term_string}"},"query-input":{"@type":"PropertyValueSpecification","valueRequired":true,"valueName":"search_term_string"}}],"inLanguage":"fr-FR"},{"@type":"Organization","@id":"https:\/\/kilimoproject.itk.fr\/fr\/#organization","name":"KILIMO Project","url":"https:\/\/kilimoproject.itk.fr\/fr\/","logo":{"@type":"ImageObject","inLanguage":"fr-FR","@id":"https:\/\/kilimoproject.itk.fr\/fr\/#\/schema\/logo\/image\/","url":"https:\/\/kilimoproject.itk.fr\/wp-content\/uploads\/2020\/07\/logo_2020_kilimo_baseline-e1593677783632.png","contentUrl":"https:\/\/kilimoproject.itk.fr\/wp-content\/uploads\/2020\/07\/logo_2020_kilimo_baseline-e1593677783632.png","width":400,"height":144,"caption":"KILIMO Project"},"image":{"@id":"https:\/\/kilimoproject.itk.fr\/fr\/#\/schema\/logo\/image\/"}}]}},"_links":{"self":[{"href":"https:\/\/kilimoproject.itk.fr\/fr\/wp-json\/wp\/v2\/pages\/1579","targetHints":{"allow":["GET"]}}],"collection":[{"href":"https:\/\/kilimoproject.itk.fr\/fr\/wp-json\/wp\/v2\/pages"}],"about":[{"href":"https:\/\/kilimoproject.itk.fr\/fr\/wp-json\/wp\/v2\/types\/page"}],"author":[{"embeddable":true,"href":"https:\/\/kilimoproject.itk.fr\/fr\/wp-json\/wp\/v2\/users\/1"}],"replies":[{"embeddable":true,"href":"https:\/\/kilimoproject.itk.fr\/fr\/wp-json\/wp\/v2\/comments?post=1579"}],"version-history":[{"count":17,"href":"https:\/\/kilimoproject.itk.fr\/fr\/wp-json\/wp\/v2\/pages\/1579\/revisions"}],"predecessor-version":[{"id":1609,"href":"https:\/\/kilimoproject.itk.fr\/fr\/wp-json\/wp\/v2\/pages\/1579\/revisions\/1609"}],"wp:featuredmedia":[{"embeddable":true,"href":"https:\/\/kilimoproject.itk.fr\/fr\/wp-json\/wp\/v2\/media\/1343"}],"wp:attachment":[{"href":"https:\/\/kilimoproject.itk.fr\/fr\/wp-json\/wp\/v2\/media?parent=1579"}],"curies":[{"name":"wp","href":"https:\/\/api.w.org\/{rel}","templated":true}]}}