{"id":801,"date":"2020-08-27T08:57:16","date_gmt":"2020-08-27T06:57:16","guid":{"rendered":"https:\/\/kilimoproject.itk.fr\/press\/"},"modified":"2023-06-05T16:15:09","modified_gmt":"2023-06-05T14:15:09","slug":"presse","status":"publish","type":"page","link":"https:\/\/kilimoproject.itk.fr\/fr\/presse\/","title":{"rendered":"Press Book"},"content":{"rendered":"\n<div class=\"wp-block-group press-blocks\"><div class=\"wp-block-group__inner-container is-layout-flow wp-block-group-is-layout-flow\">\n<div class=\"wp-block-group\"><div class=\"wp-block-group__inner-container is-layout-flow wp-block-group-is-layout-flow\">\n<div class=\"wp-block-columns press-grid is-layout-flex wp-container-core-columns-is-layout-9d6595d7 wp-block-columns-is-layout-flex\">\n<div class=\"wp-block-column is-layout-flow wp-block-column-is-layout-flow\">\n<figure class=\"wp-block-image size-large\"><img loading=\"lazy\" decoding=\"async\" width=\"500\" height=\"500\" src=\"https:\/\/kilimoproject.itk.fr\/wp-content\/uploads\/2020\/11\/logo-gazette-midi.jpg\" alt=\"La Gazette du Midi\" class=\"wp-image-1070\" srcset=\"https:\/\/kilimoproject.itk.fr\/wp-content\/uploads\/2020\/11\/logo-gazette-midi.jpg 500w, https:\/\/kilimoproject.itk.fr\/wp-content\/uploads\/2020\/11\/logo-gazette-midi-300x300.jpg 300w, https:\/\/kilimoproject.itk.fr\/wp-content\/uploads\/2020\/11\/logo-gazette-midi-150x150.jpg 150w\" sizes=\"auto, (max-width: 500px) 100vw, 500px\" \/><figcaption class=\"wp-element-caption\">19\/10\/2020<\/figcaption><\/figure>\n\n\n\n<div class=\"wp-block-buttons is-layout-flex wp-block-buttons-is-layout-flex\">\n<div class=\"wp-block-button\"><a class=\"wp-block-button__link wp-element-button\" href=\"https:\/\/forumeco.fr\/itk-leader-des-solutions-connectees-pour-lagriculture\/\" target=\"_blank\" rel=\"noreferrer noopener\">Lire en ligne<\/a><\/div>\n<\/div>\n<\/div>\n\n\n\n<div class=\"wp-block-column is-layout-flow wp-block-column-is-layout-flow\">\n<figure class=\"wp-block-image size-large\"><img loading=\"lazy\" decoding=\"async\" width=\"500\" height=\"500\" src=\"https:\/\/kilimoproject.itk.fr\/wp-content\/uploads\/2020\/11\/logo-agridees.jpg\" alt=\"\" class=\"wp-image-1071\" srcset=\"https:\/\/kilimoproject.itk.fr\/wp-content\/uploads\/2020\/11\/logo-agridees.jpg 500w, https:\/\/kilimoproject.itk.fr\/wp-content\/uploads\/2020\/11\/logo-agridees-300x300.jpg 300w, https:\/\/kilimoproject.itk.fr\/wp-content\/uploads\/2020\/11\/logo-agridees-150x150.jpg 150w\" sizes=\"auto, (max-width: 500px) 100vw, 500px\" \/><figcaption class=\"wp-element-caption\">Septembre 2020<\/figcaption><\/figure>\n\n\n\n<div class=\"wp-block-buttons is-layout-flex wp-block-buttons-is-layout-flex\">\n<div class=\"wp-block-button\"><a class=\"wp-block-button__link wp-element-button\" href=\"https:\/\/www.agridees.com\/publication\/numero-242-repenser-la-logistique\/\" target=\"_blank\" rel=\"noreferrer noopener\">Lire en ligne<\/a><\/div>\n<\/div>\n\n\n\n<p class=\"has-text-align-center\"><a href=\"https:\/\/cloud.itkweb.fr\/s\/XGLi43fK5Me4WAS\" target=\"_blank\" rel=\"noreferrer noopener\">T\u00e9l\u00e9charger<\/a><\/p>\n<\/div>\n\n\n\n<div class=\"wp-block-column is-layout-flow wp-block-column-is-layout-flow\">\n<figure class=\"wp-block-image size-large\"><img loading=\"lazy\" decoding=\"async\" width=\"500\" height=\"500\" src=\"https:\/\/kilimoproject.itk.fr\/wp-content\/uploads\/2020\/11\/logo-la-tribune.jpg\" alt=\"La Tribune\" class=\"wp-image-1069\" srcset=\"https:\/\/kilimoproject.itk.fr\/wp-content\/uploads\/2020\/11\/logo-la-tribune.jpg 500w, https:\/\/kilimoproject.itk.fr\/wp-content\/uploads\/2020\/11\/logo-la-tribune-300x300.jpg 300w, https:\/\/kilimoproject.itk.fr\/wp-content\/uploads\/2020\/11\/logo-la-tribune-150x150.jpg 150w\" sizes=\"auto, (max-width: 500px) 100vw, 500px\" \/><figcaption class=\"wp-element-caption\">25\/08\/2020<\/figcaption><\/figure>\n\n\n\n<div class=\"wp-block-buttons is-layout-flex wp-block-buttons-is-layout-flex\">\n<div class=\"wp-block-button\"><a class=\"wp-block-button__link wp-element-button\" href=\"https:\/\/objectif-languedoc-roussillon.latribune.fr\/innovation\/innovation-technologique\/2020-08-25\/itk-lance-un-nouveau-projet-en-afrique-sur-la-sequestration-de-carbone-dans-les-sols-agricoles-855536.html\" target=\"_blank\" rel=\"noreferrer noopener\">Lire en ligne<\/a><\/div>\n<\/div>\n<\/div>\n<\/div>\n\n\n\n<div class=\"wp-block-columns press-grid is-layout-flex wp-container-core-columns-is-layout-9d6595d7 wp-block-columns-is-layout-flex\">\n<div class=\"wp-block-column is-layout-flow wp-block-column-is-layout-flow\">\n<figure class=\"wp-block-image size-large\"><img loading=\"lazy\" decoding=\"async\" width=\"500\" height=\"500\" src=\"https:\/\/kilimoproject.itk.fr\/wp-content\/uploads\/2020\/11\/logo-SABC.jpg\" alt=\"SABC\" class=\"wp-image-1073\" srcset=\"https:\/\/kilimoproject.itk.fr\/wp-content\/uploads\/2020\/11\/logo-SABC.jpg 500w, https:\/\/kilimoproject.itk.fr\/wp-content\/uploads\/2020\/11\/logo-SABC-300x300.jpg 300w, https:\/\/kilimoproject.itk.fr\/wp-content\/uploads\/2020\/11\/logo-SABC-150x150.jpg 150w\" sizes=\"auto, (max-width: 500px) 100vw, 500px\" \/><figcaption class=\"wp-element-caption\">19\/10\/2020<\/figcaption><\/figure>\n\n\n\n<div class=\"wp-block-buttons is-layout-flex wp-block-buttons-is-layout-flex\">\n<div class=\"wp-block-button\"><a class=\"wp-block-button__link wp-element-button\" href=\"https:\/\/forumeco.fr\/itk-leader-des-solutions-connectees-pour-lagriculture\/\" target=\"_blank\" rel=\"noreferrer noopener\">Lire en ligne<\/a><\/div>\n<\/div>\n<\/div>\n\n\n\n<div class=\"wp-block-column is-layout-flow wp-block-column-is-layout-flow\">\n<figure class=\"wp-block-image size-large\"><img loading=\"lazy\" decoding=\"async\" width=\"500\" height=\"500\" src=\"https:\/\/kilimoproject.itk.fr\/wp-content\/uploads\/2020\/11\/logo-star.jpg\" alt=\"the STAR\" class=\"wp-image-1074\" srcset=\"https:\/\/kilimoproject.itk.fr\/wp-content\/uploads\/2020\/11\/logo-star.jpg 500w, https:\/\/kilimoproject.itk.fr\/wp-content\/uploads\/2020\/11\/logo-star-300x300.jpg 300w, https:\/\/kilimoproject.itk.fr\/wp-content\/uploads\/2020\/11\/logo-star-150x150.jpg 150w\" sizes=\"auto, (max-width: 500px) 100vw, 500px\" \/><figcaption class=\"wp-element-caption\">19\/07\/2020<\/figcaption><\/figure>\n\n\n\n<div class=\"wp-block-buttons is-layout-flex wp-block-buttons-is-layout-flex\">\n<div class=\"wp-block-button\"><a class=\"wp-block-button__link wp-element-button\" href=\"https:\/\/www.the-star.co.ke\/counties\/western\/2020-07-19-vihiga-to-use-satellite-to-map-soil-fertility-and-fertiliser-use\/\" target=\"_blank\" rel=\"noreferrer noopener\">Lire en ligne<\/a><\/div>\n<\/div>\n\n\n\n<p class=\"has-text-align-center\"><a href=\"https:\/\/cloud.itkweb.fr\/s\/323nQ4pyeiXK34z\">T\u00e9l\u00e9charger<\/a><\/p>\n<\/div>\n\n\n\n<div class=\"wp-block-column is-layout-flow wp-block-column-is-layout-flow\">\n<figure class=\"wp-block-image size-large\"><img loading=\"lazy\" decoding=\"async\" width=\"500\" height=\"500\" src=\"https:\/\/kilimoproject.itk.fr\/wp-content\/uploads\/2020\/11\/logo-business-today.jpg\" alt=\"\" class=\"wp-image-1076\" srcset=\"https:\/\/kilimoproject.itk.fr\/wp-content\/uploads\/2020\/11\/logo-business-today.jpg 500w, https:\/\/kilimoproject.itk.fr\/wp-content\/uploads\/2020\/11\/logo-business-today-300x300.jpg 300w, https:\/\/kilimoproject.itk.fr\/wp-content\/uploads\/2020\/11\/logo-business-today-150x150.jpg 150w\" sizes=\"auto, (max-width: 500px) 100vw, 500px\" \/><figcaption class=\"wp-element-caption\">16\/07\/2020<\/figcaption><\/figure>\n\n\n\n<div class=\"wp-block-buttons is-layout-flex wp-block-buttons-is-layout-flex\">\n<div class=\"wp-block-button\"><a class=\"wp-block-button__link wp-element-button\" href=\"https:\/\/businesstoday.co.ke\/french-company-using-satellite-technology-to-boost-maize-yields-in-western-kenya-kilimo-project\/\" target=\"_blank\" rel=\"noreferrer noopener\">Lire en ligne<\/a><\/div>\n<\/div>\n\n\n\n<p class=\"has-text-align-center\"><a href=\"https:\/\/cloud.itkweb.fr\/s\/ZEWGrRNxiBn2XMD\" target=\"_blank\" rel=\"noreferrer noopener\">T\u00e9l\u00e9charger<\/a><\/p>\n<\/div>\n<\/div>\n\n\n\n<div class=\"wp-block-columns press-grid is-layout-flex wp-container-core-columns-is-layout-9d6595d7 wp-block-columns-is-layout-flex\">\n<div class=\"wp-block-column is-layout-flow wp-block-column-is-layout-flow\">\n<figure class=\"wp-block-image size-large\"><img loading=\"lazy\" decoding=\"async\" width=\"500\" height=\"500\" src=\"https:\/\/kilimoproject.itk.fr\/wp-content\/uploads\/2020\/11\/logo-daily-nation.jpg\" alt=\"\" class=\"wp-image-1080\" srcset=\"https:\/\/kilimoproject.itk.fr\/wp-content\/uploads\/2020\/11\/logo-daily-nation.jpg 500w, https:\/\/kilimoproject.itk.fr\/wp-content\/uploads\/2020\/11\/logo-daily-nation-300x300.jpg 300w, https:\/\/kilimoproject.itk.fr\/wp-content\/uploads\/2020\/11\/logo-daily-nation-150x150.jpg 150w\" sizes=\"auto, (max-width: 500px) 100vw, 500px\" \/><figcaption class=\"wp-element-caption\">16\/07\/2020<\/figcaption><\/figure>\n\n\n\n<div class=\"wp-block-buttons is-layout-flex wp-block-buttons-is-layout-flex\">\n<div class=\"wp-block-button\"><a class=\"wp-block-button__link wp-element-button\" href=\"https:\/\/www.facebook.com\/seedsofgoldKE\/posts\/1599414610225625\" target=\"_blank\" rel=\"noreferrer noopener\">Lire en ligne<\/a><\/div>\n<\/div>\n\n\n\n<p class=\"has-text-align-center\"><a href=\"https:\/\/cloud.itkweb.fr\/s\/i9md2mHGZofPLZC\">T\u00e9l\u00e9charger<\/a><\/p>\n<\/div>\n\n\n\n<div class=\"wp-block-column is-layout-flow wp-block-column-is-layout-flow\">\n<figure class=\"wp-block-image size-large\"><img loading=\"lazy\" decoding=\"async\" width=\"500\" height=\"500\" src=\"https:\/\/kilimoproject.itk.fr\/wp-content\/uploads\/2020\/11\/logo-KBC-Kenya.jpg\" alt=\"\" class=\"wp-image-1079\" srcset=\"https:\/\/kilimoproject.itk.fr\/wp-content\/uploads\/2020\/11\/logo-KBC-Kenya.jpg 500w, https:\/\/kilimoproject.itk.fr\/wp-content\/uploads\/2020\/11\/logo-KBC-Kenya-300x300.jpg 300w, https:\/\/kilimoproject.itk.fr\/wp-content\/uploads\/2020\/11\/logo-KBC-Kenya-150x150.jpg 150w\" sizes=\"auto, (max-width: 500px) 100vw, 500px\" \/><figcaption class=\"wp-element-caption\">15\/07\/2020<\/figcaption><\/figure>\n\n\n\n<div class=\"wp-block-buttons is-layout-flex wp-block-buttons-is-layout-flex\">\n<div class=\"wp-block-button\"><a class=\"wp-block-button__link wp-element-button\" href=\"https:\/\/www.the-star.co.ke\/counties\/western\/2020-07-19-vihiga-to-use-satellite-to-map-soil-fertility-and-fertiliser-use\/\" target=\"_blank\" rel=\"noreferrer noopener\">Lire en ligne<\/a><\/div>\n<\/div>\n\n\n\n<p class=\"has-text-align-center\"><a href=\"https:\/\/cloud.itkweb.fr\/s\/jJRAPkEHCgaRRet\" target=\"_blank\" rel=\"noreferrer noopener\">T\u00e9l\u00e9charger<\/a><\/p>\n<\/div>\n\n\n\n<div class=\"wp-block-column is-layout-flow wp-block-column-is-layout-flow\">\n<figure class=\"wp-block-image size-large\"><img loading=\"lazy\" decoding=\"async\" width=\"500\" height=\"500\" src=\"https:\/\/kilimoproject.itk.fr\/wp-content\/uploads\/2020\/11\/logo-businessdaily.jpg\" alt=\"\" class=\"wp-image-1078\" srcset=\"https:\/\/kilimoproject.itk.fr\/wp-content\/uploads\/2020\/11\/logo-businessdaily.jpg 500w, https:\/\/kilimoproject.itk.fr\/wp-content\/uploads\/2020\/11\/logo-businessdaily-300x300.jpg 300w, https:\/\/kilimoproject.itk.fr\/wp-content\/uploads\/2020\/11\/logo-businessdaily-150x150.jpg 150w\" sizes=\"auto, (max-width: 500px) 100vw, 500px\" \/><figcaption class=\"wp-element-caption\">16\/07\/2020<\/figcaption><\/figure>\n\n\n\n<div class=\"wp-block-buttons is-layout-flex wp-block-buttons-is-layout-flex\">\n<div class=\"wp-block-button\"><a class=\"wp-block-button__link wp-element-button\" href=\"https:\/\/www.businessdailyafrica.com\/news\/counties\/-plan-to-boost-Vihiga-maize-production\/4003142-5593866-kalubrz\/index.html\" target=\"_blank\" rel=\"noreferrer noopener\">Lire en ligne<\/a><\/div>\n<\/div>\n\n\n\n<p class=\"has-text-align-center\"><a href=\"https:\/\/cloud.itkweb.fr\/s\/Cj8HBZxggDEyqcG\" target=\"_blank\" rel=\"noreferrer noopener\">T\u00e9l\u00e9charger<\/a><\/p>\n<\/div>\n<\/div>\n\n\n\n<div class=\"wp-block-columns press-grid is-layout-flex wp-container-core-columns-is-layout-9d6595d7 wp-block-columns-is-layout-flex\">\n<div class=\"wp-block-column is-layout-flow wp-block-column-is-layout-flow\">\n<figure class=\"wp-block-image size-large\"><img loading=\"lazy\" decoding=\"async\" width=\"500\" height=\"500\" src=\"https:\/\/kilimoproject.itk.fr\/wp-content\/uploads\/2020\/11\/logo-thestandard.jpg\" alt=\"\" class=\"wp-image-1077\" srcset=\"https:\/\/kilimoproject.itk.fr\/wp-content\/uploads\/2020\/11\/logo-thestandard.jpg 500w, https:\/\/kilimoproject.itk.fr\/wp-content\/uploads\/2020\/11\/logo-thestandard-300x300.jpg 300w, https:\/\/kilimoproject.itk.fr\/wp-content\/uploads\/2020\/11\/logo-thestandard-150x150.jpg 150w\" sizes=\"auto, (max-width: 500px) 100vw, 500px\" \/><figcaption class=\"wp-element-caption\">15\/07\/2020<\/figcaption><\/figure>\n\n\n\n<div class=\"wp-block-buttons is-layout-flex wp-block-buttons-is-layout-flex\">\n<div class=\"wp-block-button\"><a class=\"wp-block-button__link wp-element-button\" href=\"https:\/\/www.standardmedia.co.ke\/business\/article\/2001378885\/new-tech-to-boost-maize-yields-and-sustainability-in-western-kenya\" target=\"_blank\" rel=\"noreferrer noopener\">Lire en ligne<\/a><\/div>\n<\/div>\n\n\n\n<p class=\"has-text-align-center\"><a href=\"https:\/\/cloud.itkweb.fr\/s\/7Y3LYQwmXyCE3wc\">T\u00e9l\u00e9charger<\/a><\/p>\n<\/div>\n\n\n\n<div class=\"wp-block-column is-layout-flow wp-block-column-is-layout-flow\"><\/div>\n\n\n\n<div class=\"wp-block-column is-layout-flow wp-block-column-is-layout-flow\"><\/div>\n<\/div>\n<\/div><\/div>\n<\/div><\/div>\n","protected":false},"excerpt":{"rendered":"<p>T\u00e9l\u00e9charger T\u00e9l\u00e9charger T\u00e9l\u00e9charger T\u00e9l\u00e9charger T\u00e9l\u00e9charger T\u00e9l\u00e9charger T\u00e9l\u00e9charger<\/p>\n","protected":false},"author":2,"featured_media":0,"parent":0,"menu_order":0,"comment_status":"closed","ping_status":"closed","template":"","meta":{"inline_featured_image":false,"footnotes":""},"class_list":["post-801","page","type-page","status-publish","hentry"],"yoast_head":"<!-- This site is optimized with the Yoast SEO plugin v26.8 - https:\/\/yoast.com\/product\/yoast-seo-wordpress\/ -->\n<title>Press Book - KILIMO PROJECT<\/title>\n<meta name=\"robots\" content=\"index, follow, max-snippet:-1, max-image-preview:large, max-video-preview:-1\" \/>\n<link rel=\"canonical\" href=\"https:\/\/kilimoproject.itk.fr\/fr\/presse\/\" \/>\n<meta property=\"og:locale\" content=\"fr_FR\" \/>\n<meta property=\"og:type\" content=\"article\" \/>\n<meta property=\"og:title\" content=\"Press Book - KILIMO PROJECT\" \/>\n<meta property=\"og:description\" content=\"T\u00e9l\u00e9charger T\u00e9l\u00e9charger T\u00e9l\u00e9charger T\u00e9l\u00e9charger T\u00e9l\u00e9charger T\u00e9l\u00e9charger T\u00e9l\u00e9charger\" \/>\n<meta property=\"og:url\" content=\"https:\/\/kilimoproject.itk.fr\/fr\/presse\/\" \/>\n<meta property=\"og:site_name\" content=\"KILIMO PROJECT\" \/>\n<meta property=\"article:modified_time\" content=\"2023-06-05T14:15:09+00:00\" \/>\n<meta property=\"og:image\" content=\"https:\/\/kilimoproject.itk.fr\/wp-content\/uploads\/2020\/11\/logo-gazette-midi.jpg\" \/>\n<meta name=\"twitter:card\" content=\"summary_large_image\" \/>\n<script type=\"application\/ld+json\" class=\"yoast-schema-graph\">{\"@context\":\"https:\/\/schema.org\",\"@graph\":[{\"@type\":\"WebPage\",\"@id\":\"https:\/\/kilimoproject.itk.fr\/fr\/presse\/\",\"url\":\"https:\/\/kilimoproject.itk.fr\/fr\/presse\/\",\"name\":\"Press Book - KILIMO PROJECT\",\"isPartOf\":{\"@id\":\"https:\/\/kilimoproject.itk.fr\/fr\/#website\"},\"primaryImageOfPage\":{\"@id\":\"https:\/\/kilimoproject.itk.fr\/fr\/presse\/#primaryimage\"},\"image\":{\"@id\":\"https:\/\/kilimoproject.itk.fr\/fr\/presse\/#primaryimage\"},\"thumbnailUrl\":\"https:\/\/kilimoproject.itk.fr\/wp-content\/uploads\/2020\/11\/logo-gazette-midi.jpg\",\"datePublished\":\"2020-08-27T06:57:16+00:00\",\"dateModified\":\"2023-06-05T14:15:09+00:00\",\"breadcrumb\":{\"@id\":\"https:\/\/kilimoproject.itk.fr\/fr\/presse\/#breadcrumb\"},\"inLanguage\":\"fr-FR\",\"potentialAction\":[{\"@type\":\"ReadAction\",\"target\":[\"https:\/\/kilimoproject.itk.fr\/fr\/presse\/\"]}]},{\"@type\":\"ImageObject\",\"inLanguage\":\"fr-FR\",\"@id\":\"https:\/\/kilimoproject.itk.fr\/fr\/presse\/#primaryimage\",\"url\":\"https:\/\/kilimoproject.itk.fr\/wp-content\/uploads\/2020\/11\/logo-gazette-midi.jpg\",\"contentUrl\":\"https:\/\/kilimoproject.itk.fr\/wp-content\/uploads\/2020\/11\/logo-gazette-midi.jpg\"},{\"@type\":\"BreadcrumbList\",\"@id\":\"https:\/\/kilimoproject.itk.fr\/fr\/presse\/#breadcrumb\",\"itemListElement\":[{\"@type\":\"ListItem\",\"position\":1,\"name\":\"Home\",\"item\":\"https:\/\/kilimoproject.itk.fr\/fr\/\"},{\"@type\":\"ListItem\",\"position\":2,\"name\":\"Press Book\"}]},{\"@type\":\"WebSite\",\"@id\":\"https:\/\/kilimoproject.itk.fr\/fr\/#website\",\"url\":\"https:\/\/kilimoproject.itk.fr\/fr\/\",\"name\":\"KILIMO PROJECT\",\"description\":\"Kenya innovation for low input maize production\",\"publisher\":{\"@id\":\"https:\/\/kilimoproject.itk.fr\/fr\/#organization\"},\"potentialAction\":[{\"@type\":\"SearchAction\",\"target\":{\"@type\":\"EntryPoint\",\"urlTemplate\":\"https:\/\/kilimoproject.itk.fr\/fr\/?s={search_term_string}\"},\"query-input\":{\"@type\":\"PropertyValueSpecification\",\"valueRequired\":true,\"valueName\":\"search_term_string\"}}],\"inLanguage\":\"fr-FR\"},{\"@type\":\"Organization\",\"@id\":\"https:\/\/kilimoproject.itk.fr\/fr\/#organization\",\"name\":\"KILIMO Project\",\"url\":\"https:\/\/kilimoproject.itk.fr\/fr\/\",\"logo\":{\"@type\":\"ImageObject\",\"inLanguage\":\"fr-FR\",\"@id\":\"https:\/\/kilimoproject.itk.fr\/fr\/#\/schema\/logo\/image\/\",\"url\":\"https:\/\/kilimoproject.itk.fr\/wp-content\/uploads\/2020\/07\/logo_2020_kilimo_baseline-e1593677783632.png\",\"contentUrl\":\"https:\/\/kilimoproject.itk.fr\/wp-content\/uploads\/2020\/07\/logo_2020_kilimo_baseline-e1593677783632.png\",\"width\":400,\"height\":144,\"caption\":\"KILIMO Project\"},\"image\":{\"@id\":\"https:\/\/kilimoproject.itk.fr\/fr\/#\/schema\/logo\/image\/\"}}]}<\/script>\n<!-- \/ Yoast SEO plugin. -->","yoast_head_json":{"title":"Press Book - KILIMO PROJECT","robots":{"index":"index","follow":"follow","max-snippet":"max-snippet:-1","max-image-preview":"max-image-preview:large","max-video-preview":"max-video-preview:-1"},"canonical":"https:\/\/kilimoproject.itk.fr\/fr\/presse\/","og_locale":"fr_FR","og_type":"article","og_title":"Press Book - KILIMO PROJECT","og_description":"T\u00e9l\u00e9charger T\u00e9l\u00e9charger T\u00e9l\u00e9charger T\u00e9l\u00e9charger T\u00e9l\u00e9charger T\u00e9l\u00e9charger T\u00e9l\u00e9charger","og_url":"https:\/\/kilimoproject.itk.fr\/fr\/presse\/","og_site_name":"KILIMO PROJECT","article_modified_time":"2023-06-05T14:15:09+00:00","og_image":[{"url":"https:\/\/kilimoproject.itk.fr\/wp-content\/uploads\/2020\/11\/logo-gazette-midi.jpg","type":"","width":"","height":""}],"twitter_card":"summary_large_image","schema":{"@context":"https:\/\/schema.org","@graph":[{"@type":"WebPage","@id":"https:\/\/kilimoproject.itk.fr\/fr\/presse\/","url":"https:\/\/kilimoproject.itk.fr\/fr\/presse\/","name":"Press Book - KILIMO PROJECT","isPartOf":{"@id":"https:\/\/kilimoproject.itk.fr\/fr\/#website"},"primaryImageOfPage":{"@id":"https:\/\/kilimoproject.itk.fr\/fr\/presse\/#primaryimage"},"image":{"@id":"https:\/\/kilimoproject.itk.fr\/fr\/presse\/#primaryimage"},"thumbnailUrl":"https:\/\/kilimoproject.itk.fr\/wp-content\/uploads\/2020\/11\/logo-gazette-midi.jpg","datePublished":"2020-08-27T06:57:16+00:00","dateModified":"2023-06-05T14:15:09+00:00","breadcrumb":{"@id":"https:\/\/kilimoproject.itk.fr\/fr\/presse\/#breadcrumb"},"inLanguage":"fr-FR","potentialAction":[{"@type":"ReadAction","target":["https:\/\/kilimoproject.itk.fr\/fr\/presse\/"]}]},{"@type":"ImageObject","inLanguage":"fr-FR","@id":"https:\/\/kilimoproject.itk.fr\/fr\/presse\/#primaryimage","url":"https:\/\/kilimoproject.itk.fr\/wp-content\/uploads\/2020\/11\/logo-gazette-midi.jpg","contentUrl":"https:\/\/kilimoproject.itk.fr\/wp-content\/uploads\/2020\/11\/logo-gazette-midi.jpg"},{"@type":"BreadcrumbList","@id":"https:\/\/kilimoproject.itk.fr\/fr\/presse\/#breadcrumb","itemListElement":[{"@type":"ListItem","position":1,"name":"Home","item":"https:\/\/kilimoproject.itk.fr\/fr\/"},{"@type":"ListItem","position":2,"name":"Press Book"}]},{"@type":"WebSite","@id":"https:\/\/kilimoproject.itk.fr\/fr\/#website","url":"https:\/\/kilimoproject.itk.fr\/fr\/","name":"KILIMO PROJECT","description":"Kenya innovation for low input maize production","publisher":{"@id":"https:\/\/kilimoproject.itk.fr\/fr\/#organization"},"potentialAction":[{"@type":"SearchAction","target":{"@type":"EntryPoint","urlTemplate":"https:\/\/kilimoproject.itk.fr\/fr\/?s={search_term_string}"},"query-input":{"@type":"PropertyValueSpecification","valueRequired":true,"valueName":"search_term_string"}}],"inLanguage":"fr-FR"},{"@type":"Organization","@id":"https:\/\/kilimoproject.itk.fr\/fr\/#organization","name":"KILIMO Project","url":"https:\/\/kilimoproject.itk.fr\/fr\/","logo":{"@type":"ImageObject","inLanguage":"fr-FR","@id":"https:\/\/kilimoproject.itk.fr\/fr\/#\/schema\/logo\/image\/","url":"https:\/\/kilimoproject.itk.fr\/wp-content\/uploads\/2020\/07\/logo_2020_kilimo_baseline-e1593677783632.png","contentUrl":"https:\/\/kilimoproject.itk.fr\/wp-content\/uploads\/2020\/07\/logo_2020_kilimo_baseline-e1593677783632.png","width":400,"height":144,"caption":"KILIMO Project"},"image":{"@id":"https:\/\/kilimoproject.itk.fr\/fr\/#\/schema\/logo\/image\/"}}]}},"_links":{"self":[{"href":"https:\/\/kilimoproject.itk.fr\/fr\/wp-json\/wp\/v2\/pages\/801","targetHints":{"allow":["GET"]}}],"collection":[{"href":"https:\/\/kilimoproject.itk.fr\/fr\/wp-json\/wp\/v2\/pages"}],"about":[{"href":"https:\/\/kilimoproject.itk.fr\/fr\/wp-json\/wp\/v2\/types\/page"}],"author":[{"embeddable":true,"href":"https:\/\/kilimoproject.itk.fr\/fr\/wp-json\/wp\/v2\/users\/2"}],"replies":[{"embeddable":true,"href":"https:\/\/kilimoproject.itk.fr\/fr\/wp-json\/wp\/v2\/comments?post=801"}],"version-history":[{"count":20,"href":"https:\/\/kilimoproject.itk.fr\/fr\/wp-json\/wp\/v2\/pages\/801\/revisions"}],"predecessor-version":[{"id":1831,"href":"https:\/\/kilimoproject.itk.fr\/fr\/wp-json\/wp\/v2\/pages\/801\/revisions\/1831"}],"wp:attachment":[{"href":"https:\/\/kilimoproject.itk.fr\/fr\/wp-json\/wp\/v2\/media?parent=801"}],"curies":[{"name":"wp","href":"https:\/\/api.w.org\/{rel}","templated":true}]}}