{"id":895,"date":"2020-10-12T14:27:16","date_gmt":"2020-10-12T12:27:16","guid":{"rendered":"https:\/\/kilimoproject.itk.fr\/?page_id=895"},"modified":"2020-10-12T14:27:17","modified_gmt":"2020-10-12T12:27:17","slug":"mentions-legales","status":"publish","type":"page","link":"https:\/\/kilimoproject.itk.fr\/fr\/mentions-legales\/","title":{"rendered":"Mentions l\u00e9gales"},"content":{"rendered":"\n<div class=\"wp-block-group\"><div class=\"wp-block-group__inner-container is-layout-flow wp-block-group-is-layout-flow\">\n<h3 class=\"wp-block-heading\" id=\"h-date-d-entr-e-en-vigueur-26-juin-2020\">Date d&rsquo;entr\u00e9e en vigueur: 26 juin 2020<\/h3>\n\n\n\n<p>itk (\u00abnous\u00bb, \u00abnous\u00bb ou \u00abnotre\u00bb) exploite le site https:\/\/kilimoproject.itk.fr (ci-apr\u00e8s d\u00e9nomm\u00e9 le \u00abService\u00bb).<br>Cette page vous informe de nos politiques concernant la collecte, l&rsquo;utilisation et la divulgation de donn\u00e9es personnelles lorsque vous utilisez notre Service et les choix que vous avez associ\u00e9s \u00e0 ces donn\u00e9es. Notre politique de confidentialit\u00e9 pour itk est bas\u00e9e sur le<a href=\"https:\/\/privacypolicies.com\/blog\/privacy-policy-template\/\" target=\"_blank\" rel=\"noreferrer noopener\"> mod\u00e8le de politique de confidentialit\u00e9 des politiques de confidentialit\u00e9<\/a>.<\/p>\n\n\n\n<p>Nous utilisons vos donn\u00e9es pour fournir et am\u00e9liorer le service. En utilisant le Service, vous acceptez la collecte et l&rsquo;utilisation des informations conform\u00e9ment \u00e0 cette politique. Sauf indication contraire dans la pr\u00e9sente politique de confidentialit\u00e9, les termes utilis\u00e9s dans cette politique de confidentialit\u00e9 ont la m\u00eame signification que dans nos conditions g\u00e9n\u00e9rales, accessibles depuis <a href=\"https:\/\/kilimoproject.itk.fr\">https:\/\/kilimoproject.itk.fr<\/a><\/p>\n\n\n\n<div style=\"height:40px\" aria-hidden=\"true\" class=\"wp-block-spacer\"><\/div>\n\n\n\n<h3 class=\"wp-block-heading\" id=\"h-pr-sentation-du-site-web\">Pr\u00e9sentation du site Web<\/h3>\n\n\n\n<p>Conform\u00e9ment \u00e0 l&rsquo;article 6 de la loi n \u00b0 2004-575 du 21 juin 2004 pour la confiance dans l&rsquo;\u00e9conomie num\u00e9rique, les utilisateurs du site <a href=\"https:\/\/kilimoproject.itk.fr\">https:\/\/kilimoproject.itk.fr<\/a> sont inform\u00e9s de l&rsquo;identit\u00e9 des diff\u00e9rentes parties impliqu\u00e9es dans sa cr\u00e9ation et surveillance:<\/p>\n\n\n\n<p><strong>Propri\u00e9taire:<\/strong> SAS itk Capital social de 152563 \u20ac Num\u00e9ro de TVA: FR26449222751 &#8211; CAP ALPHA Avenue de l\u2019Europe &#8211; 34830 Clapiers &#8211; France<br><strong>Directrice de la publication:<\/strong> Aline BSAIBES, en qualit\u00e9 de Directrice g\u00e9n\u00e9rale de SAS ITK.<br><strong>Design, webdesign et int\u00e9gration:<\/strong> Lo\u00efc Sanchez, en tant que designer UX \/ UI<br><strong>Directeur \u00e9ditorial:<\/strong> Marie-Laure BISCAYE<br><strong>D\u00e9l\u00e9gu\u00e9 \u00e0 la protection des donn\u00e9es:<\/strong> Fr\u00e9d\u00e9ric Martinoty<br><strong>H\u00e9bergeur du site:<\/strong> OVEA &#8211; 59 rue Nelson Mandela 34070 Montpellier FRANCE<\/p>\n\n\n\n<div style=\"height:40px\" aria-hidden=\"true\" class=\"wp-block-spacer\"><\/div>\n\n\n\n<h3 class=\"wp-block-heading\" id=\"h-collecte-et-utilisation-des-informations\">Collecte et utilisation des informations<\/h3>\n\n\n\n<p>Nous collectons plusieurs types d&rsquo;informations \u00e0 des fins diverses afin de vous fournir et d&rsquo;am\u00e9liorer notre service.<\/p>\n\n\n\n<div style=\"height:40px\" aria-hidden=\"true\" class=\"wp-block-spacer\"><\/div>\n\n\n\n<h3 class=\"wp-block-heading\" id=\"h-types-de-donn-es-collect-es\">Types de donn\u00e9es collect\u00e9es<\/h3>\n\n\n\n<h4 class=\"wp-block-heading\" id=\"h-donn-es-personnelles\">Donn\u00e9es personnelles<\/h4>\n\n\n\n<p>Lors de l&rsquo;utilisation de notre Service, nous pouvons vous demander de nous fournir certaines informations personnellement identifiables qui peuvent \u00eatre utilis\u00e9es pour vous contacter ou vous identifier (\u00abDonn\u00e9es personnelles\u00bb). Les informations personnellement identifiables peuvent inclure, mais sans s&rsquo;y limiter:<\/p>\n\n\n\n<ul class=\"wp-block-list\"><li>Adresse \u00e9lectronique<\/li><li>Pr\u00e9nom et nom<\/li><li>Num\u00e9ro de t\u00e9l\u00e9phone<\/li><li>Adresse, \u00c9tat, Province, ZIP \/ Code postal, Ville<\/li><li>Cookies et donn\u00e9es d&rsquo;utilisation<\/li><\/ul>\n\n\n\n<div style=\"height:40px\" aria-hidden=\"true\" class=\"wp-block-spacer\"><\/div>\n\n\n\n<h4 class=\"wp-block-heading\" id=\"h-des-donn-es-d-utilisation\">Des donn\u00e9es d&rsquo;utilisation<\/h4>\n\n\n\n<p>Nous pouvons \u00e9galement collecter des informations sur la mani\u00e8re dont le Service est acc\u00e9d\u00e9 et utilis\u00e9 (\u00abDonn\u00e9es d&rsquo;utilisation\u00bb). Ces donn\u00e9es d&rsquo;utilisation peuvent inclure des informations telles que l&rsquo;adresse de protocole Internet de votre ordinateur (par exemple, l&rsquo;adresse IP), le type de navigateur, la version du navigateur, les pages de notre service que vous visitez, l&rsquo;heure et la date de votre visite, le temps pass\u00e9 sur ces pages, unique identificateurs d&rsquo;appareils et autres donn\u00e9es de diagnostic.<\/p>\n\n\n\n<h4 class=\"wp-block-heading\" id=\"h-donn-es-de-suivi-et-cookies\"><br>Donn\u00e9es de suivi et cookies<\/h4>\n\n\n\n<p>Nous utilisons des cookies et des technologies de suivi similaires pour suivre l&rsquo;activit\u00e9 sur notre service et conserver certaines informations.<\/p>\n\n\n\n<p>Les cookies sont des fichiers contenant une petite quantit\u00e9 de donn\u00e9es qui peuvent inclure un identifiant unique anonyme. Les cookies sont envoy\u00e9s \u00e0 votre navigateur \u00e0 partir d&rsquo;un site Web et stock\u00e9s sur votre appareil. Les technologies de suivi \u00e9galement utilis\u00e9es sont des balises, des balises et des scripts pour collecter et suivre des informations et pour am\u00e9liorer et analyser notre service.<\/p>\n\n\n\n<p>Vous pouvez demander \u00e0 votre navigateur de refuser tous les cookies ou d&rsquo;indiquer quand un cookie est envoy\u00e9. Cependant, si vous n&rsquo;acceptez pas les cookies, vous ne pourrez peut-\u00eatre pas utiliser certaines parties de notre service. Vous pouvez en savoir plus sur la gestion des cookies dans le <a href=\"https:\/\/privacypolicies.com\/blog\/how-to-delete-cookies\/\" target=\"_blank\" rel=\"noreferrer noopener\">guide des cookies du navigateur<\/a>.<\/p>\n\n\n\n<p><strong>Exemples de cookies que nous utilisons:<\/strong><\/p>\n\n\n\n<ul class=\"wp-block-list\"><li><strong>Cookies de session.<\/strong> Nous utilisons des cookies de session pour faire fonctionner notre service.<\/li><li><strong>Cookies de pr\u00e9f\u00e9rence.<\/strong> Nous utilisons des cookies de pr\u00e9f\u00e9rence pour m\u00e9moriser vos pr\u00e9f\u00e9rences et divers param\u00e8tres.<\/li><li><strong>Cookies de s\u00e9curit\u00e9. <\/strong>Nous utilisons des cookies de s\u00e9curit\u00e9 \u00e0 des fins de s\u00e9curit\u00e9.<\/li><\/ul>\n\n\n\n<div style=\"height:40px\" aria-hidden=\"true\" class=\"wp-block-spacer\"><\/div>\n\n\n\n<h3 class=\"wp-block-heading\" id=\"h-utilisation-des-donn-es\">Utilisation des donn\u00e9es<\/h3>\n\n\n\n<p>itk utilise les donn\u00e9es collect\u00e9es \u00e0 des fins diverses:<\/p>\n\n\n\n<ul class=\"wp-block-list\"><li>Pour fournir et maintenir le service<\/li><li>Pour vous avertir des changements de notre service<\/li><li>Pour fournir des analyses ou des informations pr\u00e9cieuses afin que nous puissions am\u00e9liorer le service<\/li><li>Pour surveiller l&rsquo;utilisation du service<\/li><\/ul>\n\n\n\n<div style=\"height:40px\" aria-hidden=\"true\" class=\"wp-block-spacer\"><\/div>\n\n\n\n<h3 class=\"wp-block-heading\" id=\"h-transfert-de-donn-es\">Transfert de donn\u00e9es<\/h3>\n\n\n\n<p>Vos informations, y compris les donn\u00e9es personnelles, peuvent \u00eatre transf\u00e9r\u00e9es et conserv\u00e9es sur des ordinateurs situ\u00e9s en dehors de votre \u00e9tat, province, pays ou autre juridiction gouvernementale o\u00f9 les lois sur la protection des donn\u00e9es peuvent diff\u00e9rer de celles de votre juridiction.<\/p>\n\n\n\n<p>Si vous vous trouvez hors de France et que vous choisissez de nous fournir des informations, veuillez noter que nous transf\u00e9rons les donn\u00e9es, y compris les Donn\u00e9es Personnelles, vers la France et les traitons l\u00e0-bas.<\/p>\n\n\n\n<p>Votre consentement \u00e0 cette politique de confidentialit\u00e9 suivi de votre soumission de ces informations repr\u00e9sente votre accord \u00e0 ce transfert.<\/p>\n\n\n\n<p>itk prendra toutes les mesures raisonnablement n\u00e9cessaires pour garantir que vos donn\u00e9es sont trait\u00e9es en toute s\u00e9curit\u00e9 et conform\u00e9ment \u00e0 la pr\u00e9sente politique de confidentialit\u00e9 et aucun transfert de vos donn\u00e9es personnelles n&rsquo;aura lieu \u00e0 une organisation ou \u00e0 un pays \u00e0 moins que des contr\u00f4les ad\u00e9quats soient en place, y compris la s\u00e9curit\u00e9 de votre donn\u00e9es et autres informations personnelles.<\/p>\n\n\n\n<div style=\"height:40px\" aria-hidden=\"true\" class=\"wp-block-spacer\"><\/div>\n\n\n\n<h3 class=\"wp-block-heading\" id=\"h-divulgation-des-donn-es\">Divulgation des donn\u00e9es<\/h3>\n\n\n\n<h4 class=\"wp-block-heading\" id=\"h-exigences-l-gales\">Exigences l\u00e9gales<\/h4>\n\n\n\n<p>itk peut divulguer vos donn\u00e9es personnelles en croyant de bonne foi qu&rsquo;une telle action est n\u00e9cessaire pour:<\/p>\n\n\n\n<ul class=\"wp-block-list\"><li>Se conformer \u00e0 une obligation l\u00e9gale<\/li><li>Prot\u00e9ger et d\u00e9fendre les droits ou la propri\u00e9t\u00e9 d&rsquo;itk<\/li><li>Pour pr\u00e9venir ou enqu\u00eater sur d&rsquo;\u00e9ventuels actes r\u00e9pr\u00e9hensibles en relation avec le Service<\/li><li>Pour prot\u00e9ger la s\u00e9curit\u00e9 personnelle des utilisateurs du Service ou du public<\/li><li>Pour se prot\u00e9ger contre la responsabilit\u00e9 l\u00e9gale<\/li><\/ul>\n\n\n\n<div style=\"height:40px\" aria-hidden=\"true\" class=\"wp-block-spacer\"><\/div>\n\n\n\n<h3 class=\"wp-block-heading\" id=\"h-s-curit-des-donn-es\">S\u00e9curit\u00e9 des donn\u00e9es<\/h3>\n\n\n\n<p>La s\u00e9curit\u00e9 de vos donn\u00e9es est importante pour nous, mais n&rsquo;oubliez pas qu&rsquo;aucune m\u00e9thode de transmission sur Internet ou m\u00e9thode de stockage \u00e9lectronique n&rsquo;est s\u00e9curis\u00e9e \u00e0 100%. Bien que nous nous efforcions d&rsquo;utiliser des moyens commercialement acceptables pour prot\u00e9ger vos donn\u00e9es personnelles, nous ne pouvons garantir leur s\u00e9curit\u00e9 absolue.<\/p>\n\n\n\n<div style=\"height:40px\" aria-hidden=\"true\" class=\"wp-block-spacer\"><\/div>\n\n\n\n<h3 class=\"wp-block-heading\" id=\"h-les-fournisseurs-de-services\">Les fournisseurs de services<\/h3>\n\n\n\n<p>Nous pouvons employer des soci\u00e9t\u00e9s tierces et des individus pour faciliter notre service (\u00abfournisseurs de services\u00bb), pour fournir le service en notre nom, pour ex\u00e9cuter des services li\u00e9s au service ou pour nous aider \u00e0 analyser la fa\u00e7on dont notre service est utilis\u00e9.<\/p>\n\n\n\n<p>Ces tiers n&rsquo;ont acc\u00e8s \u00e0 vos donn\u00e9es personnelles que pour effectuer ces t\u00e2ches en notre nom et sont tenus de ne pas les divulguer ou les utiliser \u00e0 d&rsquo;autres fins.<\/p>\n\n\n\n<div style=\"height:40px\" aria-hidden=\"true\" class=\"wp-block-spacer\"><\/div>\n\n\n\n<h3 class=\"wp-block-heading\" id=\"h-analytique\">Analytique<\/h3>\n\n\n\n<p>Nous pouvons utiliser des fournisseurs de services tiers pour surveiller et analyser l&rsquo;utilisation de notre service.<\/p>\n\n\n\n<p><em><strong>Google Analytics<br><\/strong><\/em>Google Analytics est un service d&rsquo;analyse Web propos\u00e9 par Google qui suit et signale le trafic du site Web. Google utilise les donn\u00e9es collect\u00e9es pour suivre et surveiller l&rsquo;utilisation de notre service. Ces donn\u00e9es sont partag\u00e9es avec d&rsquo;autres services Google. Google peut utiliser les donn\u00e9es collect\u00e9es pour contextualiser et personnaliser les publicit\u00e9s de son propre r\u00e9seau publicitaire.<\/p>\n\n\n\n<p>Vous pouvez refuser de rendre votre activit\u00e9 sur le Service disponible pour Google Analytics en installant le module compl\u00e9mentaire de navigateur de d\u00e9sactivation de Google Analytics. Le module compl\u00e9mentaire emp\u00eache le JavaScript de Google Analytics (ga.js, analytics.js et dc.js) de partager des informations avec Google Analytics sur l&rsquo;activit\u00e9 des visites.<\/p>\n\n\n\n<p>Pour plus d&rsquo;informations sur les pratiques de confidentialit\u00e9 de Google, veuillez visiter la page Web relative \u00e0 la confidentialit\u00e9 et aux conditions d&rsquo;utilisation de Google: <a href=\"https:\/\/policies.google.com\/privacy?hl=fr\" target=\"_blank\" rel=\"noreferrer noopener\">https:\/\/policies.google.com\/privacy?hl=fr<\/a><\/p>\n\n\n\n<div style=\"height:40px\" aria-hidden=\"true\" class=\"wp-block-spacer\"><\/div>\n\n\n\n<h3 class=\"wp-block-heading\" id=\"h-liens-vers-d-autres-sites\">Liens vers d&rsquo;autres sites<\/h3>\n\n\n\n<p>Notre service peut contenir des liens vers d&rsquo;autres sites qui ne sont pas exploit\u00e9s par nous. Si vous cliquez sur un lien tiers, vous serez dirig\u00e9 vers le site de ce tiers. Nous vous conseillons vivement de consulter la politique de confidentialit\u00e9 de chaque site que vous visitez.<\/p>\n\n\n\n<p>Nous n&rsquo;avons aucun contr\u00f4le sur et n&rsquo;assumons aucune responsabilit\u00e9 pour le contenu, les politiques de confidentialit\u00e9 ou les pratiques de tout site ou service tiers.<\/p>\n\n\n\n<div style=\"height:40px\" aria-hidden=\"true\" class=\"wp-block-spacer\"><\/div>\n\n\n\n<h3 class=\"wp-block-heading\" id=\"h-confidentialit-des-enfants\">Confidentialit\u00e9 des enfants<\/h3>\n\n\n\n<p>Notre Service ne s&rsquo;adresse \u00e0 personne de moins de 18 ans (\u00abEnfants\u00bb). Nous ne collectons pas sciemment d&rsquo;informations personnellement identifiables de toute personne de moins de 18 ans. Si vous \u00eates un parent ou un tuteur et que vous savez que vos enfants nous ont fourni des donn\u00e9es personnelles, veuillez nous contacter. Si nous apprenons que nous avons collect\u00e9 des donn\u00e9es personnelles d&rsquo;enfants sans v\u00e9rification du consentement parental, nous prenons des mesures pour supprimer ces informations de nos serveurs.<\/p>\n\n\n\n<div style=\"height:40px\" aria-hidden=\"true\" class=\"wp-block-spacer\"><\/div>\n\n\n\n<h3 class=\"wp-block-heading\" id=\"h-modifications-de-cette-politique-de-confidentialit\">Modifications de cette politique de confidentialit\u00e9<\/h3>\n\n\n\n<p>Nous pouvons mettre \u00e0 jour notre politique de confidentialit\u00e9 de temps \u00e0 autre. Nous vous informerons de tout changement en publiant la nouvelle politique de confidentialit\u00e9 sur cette page.<\/p>\n\n\n\n<p>Nous vous informerons par e-mail et \/ ou par un avis bien visible sur notre service, avant que le changement ne devienne effectif et nous mettrons \u00e0 jour la \u00abdate d&rsquo;entr\u00e9e en vigueur\u00bb en haut de cette politique de confidentialit\u00e9.<\/p>\n\n\n\n<p>Il vous est conseill\u00e9 de consulter p\u00e9riodiquement cette politique de confidentialit\u00e9 pour tout changement. Les modifications apport\u00e9es \u00e0 cette politique de confidentialit\u00e9 sont effectives lorsqu&rsquo;elles sont publi\u00e9es sur cette page.<\/p>\n\n\n\n<div style=\"height:40px\" aria-hidden=\"true\" class=\"wp-block-spacer\"><\/div>\n\n\n\n<h3 class=\"wp-block-heading\" id=\"h-nous-contacter\">Nous contacter<\/h3>\n\n\n\n<p>Si vous avez des questions sur cette politique de confidentialit\u00e9, veuillez nous contacter par email: <a href=\"mailto:dpo@itk.fr\">dpo@itk.fr<\/a><\/p>\n<\/div><\/div>\n","protected":false},"excerpt":{"rendered":"<p>Date d&rsquo;entr\u00e9e en vigueur: 26 juin 2020 itk (\u00abnous\u00bb, \u00abnous\u00bb ou \u00abnotre\u00bb) exploite le site https:\/\/kilimoproject.itk.fr (ci-apr\u00e8s d\u00e9nomm\u00e9 le \u00abService\u00bb).Cette page vous informe de nos politiques concernant la collecte, l&rsquo;utilisation et la divulgation de donn\u00e9es personnelles lorsque vous utilisez notre Service et les choix que vous avez associ\u00e9s \u00e0 ces donn\u00e9es. Notre politique de confidentialit\u00e9 [&hellip;]<\/p>\n","protected":false},"author":1,"featured_media":0,"parent":0,"menu_order":0,"comment_status":"closed","ping_status":"closed","template":"","meta":{"inline_featured_image":false,"footnotes":""},"class_list":["post-895","page","type-page","status-publish","hentry"],"yoast_head":"<!-- This site is optimized with the Yoast SEO plugin v26.8 - https:\/\/yoast.com\/product\/yoast-seo-wordpress\/ -->\n<title>Mentions l\u00e9gales - KILIMO PROJECT<\/title>\n<meta name=\"robots\" content=\"index, follow, max-snippet:-1, max-image-preview:large, max-video-preview:-1\" \/>\n<link rel=\"canonical\" href=\"https:\/\/kilimoproject.itk.fr\/fr\/mentions-legales\/\" \/>\n<meta property=\"og:locale\" content=\"fr_FR\" \/>\n<meta property=\"og:type\" content=\"article\" \/>\n<meta property=\"og:title\" content=\"Mentions l\u00e9gales - KILIMO PROJECT\" \/>\n<meta property=\"og:description\" content=\"Date d&rsquo;entr\u00e9e en vigueur: 26 juin 2020 itk (\u00abnous\u00bb, \u00abnous\u00bb ou \u00abnotre\u00bb) exploite le site https:\/\/kilimoproject.itk.fr (ci-apr\u00e8s d\u00e9nomm\u00e9 le \u00abService\u00bb).Cette page vous informe de nos politiques concernant la collecte, l&rsquo;utilisation et la divulgation de donn\u00e9es personnelles lorsque vous utilisez notre Service et les choix que vous avez associ\u00e9s \u00e0 ces donn\u00e9es. Notre politique de confidentialit\u00e9 [&hellip;]\" \/>\n<meta property=\"og:url\" content=\"https:\/\/kilimoproject.itk.fr\/fr\/mentions-legales\/\" \/>\n<meta property=\"og:site_name\" content=\"KILIMO PROJECT\" \/>\n<meta property=\"article:modified_time\" content=\"2020-10-12T12:27:17+00:00\" \/>\n<meta name=\"twitter:card\" content=\"summary_large_image\" \/>\n<meta name=\"twitter:label1\" content=\"Dur\u00e9e de lecture estim\u00e9e\" \/>\n\t<meta name=\"twitter:data1\" content=\"8 minutes\" \/>\n<script type=\"application\/ld+json\" class=\"yoast-schema-graph\">{\"@context\":\"https:\/\/schema.org\",\"@graph\":[{\"@type\":\"WebPage\",\"@id\":\"https:\/\/kilimoproject.itk.fr\/fr\/mentions-legales\/\",\"url\":\"https:\/\/kilimoproject.itk.fr\/fr\/mentions-legales\/\",\"name\":\"Mentions l\u00e9gales - KILIMO PROJECT\",\"isPartOf\":{\"@id\":\"https:\/\/kilimoproject.itk.fr\/fr\/#website\"},\"datePublished\":\"2020-10-12T12:27:16+00:00\",\"dateModified\":\"2020-10-12T12:27:17+00:00\",\"breadcrumb\":{\"@id\":\"https:\/\/kilimoproject.itk.fr\/fr\/mentions-legales\/#breadcrumb\"},\"inLanguage\":\"fr-FR\",\"potentialAction\":[{\"@type\":\"ReadAction\",\"target\":[\"https:\/\/kilimoproject.itk.fr\/fr\/mentions-legales\/\"]}]},{\"@type\":\"BreadcrumbList\",\"@id\":\"https:\/\/kilimoproject.itk.fr\/fr\/mentions-legales\/#breadcrumb\",\"itemListElement\":[{\"@type\":\"ListItem\",\"position\":1,\"name\":\"Home\",\"item\":\"https:\/\/kilimoproject.itk.fr\/fr\/\"},{\"@type\":\"ListItem\",\"position\":2,\"name\":\"Mentions l\u00e9gales\"}]},{\"@type\":\"WebSite\",\"@id\":\"https:\/\/kilimoproject.itk.fr\/fr\/#website\",\"url\":\"https:\/\/kilimoproject.itk.fr\/fr\/\",\"name\":\"KILIMO PROJECT\",\"description\":\"Kenya innovation for low input maize production\",\"publisher\":{\"@id\":\"https:\/\/kilimoproject.itk.fr\/fr\/#organization\"},\"potentialAction\":[{\"@type\":\"SearchAction\",\"target\":{\"@type\":\"EntryPoint\",\"urlTemplate\":\"https:\/\/kilimoproject.itk.fr\/fr\/?s={search_term_string}\"},\"query-input\":{\"@type\":\"PropertyValueSpecification\",\"valueRequired\":true,\"valueName\":\"search_term_string\"}}],\"inLanguage\":\"fr-FR\"},{\"@type\":\"Organization\",\"@id\":\"https:\/\/kilimoproject.itk.fr\/fr\/#organization\",\"name\":\"KILIMO Project\",\"url\":\"https:\/\/kilimoproject.itk.fr\/fr\/\",\"logo\":{\"@type\":\"ImageObject\",\"inLanguage\":\"fr-FR\",\"@id\":\"https:\/\/kilimoproject.itk.fr\/fr\/#\/schema\/logo\/image\/\",\"url\":\"https:\/\/kilimoproject.itk.fr\/wp-content\/uploads\/2020\/07\/logo_2020_kilimo_baseline-e1593677783632.png\",\"contentUrl\":\"https:\/\/kilimoproject.itk.fr\/wp-content\/uploads\/2020\/07\/logo_2020_kilimo_baseline-e1593677783632.png\",\"width\":400,\"height\":144,\"caption\":\"KILIMO Project\"},\"image\":{\"@id\":\"https:\/\/kilimoproject.itk.fr\/fr\/#\/schema\/logo\/image\/\"}}]}<\/script>\n<!-- \/ Yoast SEO plugin. -->","yoast_head_json":{"title":"Mentions l\u00e9gales - KILIMO PROJECT","robots":{"index":"index","follow":"follow","max-snippet":"max-snippet:-1","max-image-preview":"max-image-preview:large","max-video-preview":"max-video-preview:-1"},"canonical":"https:\/\/kilimoproject.itk.fr\/fr\/mentions-legales\/","og_locale":"fr_FR","og_type":"article","og_title":"Mentions l\u00e9gales - KILIMO PROJECT","og_description":"Date d&rsquo;entr\u00e9e en vigueur: 26 juin 2020 itk (\u00abnous\u00bb, \u00abnous\u00bb ou \u00abnotre\u00bb) exploite le site https:\/\/kilimoproject.itk.fr (ci-apr\u00e8s d\u00e9nomm\u00e9 le \u00abService\u00bb).Cette page vous informe de nos politiques concernant la collecte, l&rsquo;utilisation et la divulgation de donn\u00e9es personnelles lorsque vous utilisez notre Service et les choix que vous avez associ\u00e9s \u00e0 ces donn\u00e9es. Notre politique de confidentialit\u00e9 [&hellip;]","og_url":"https:\/\/kilimoproject.itk.fr\/fr\/mentions-legales\/","og_site_name":"KILIMO PROJECT","article_modified_time":"2020-10-12T12:27:17+00:00","twitter_card":"summary_large_image","twitter_misc":{"Dur\u00e9e de lecture estim\u00e9e":"8 minutes"},"schema":{"@context":"https:\/\/schema.org","@graph":[{"@type":"WebPage","@id":"https:\/\/kilimoproject.itk.fr\/fr\/mentions-legales\/","url":"https:\/\/kilimoproject.itk.fr\/fr\/mentions-legales\/","name":"Mentions l\u00e9gales - KILIMO PROJECT","isPartOf":{"@id":"https:\/\/kilimoproject.itk.fr\/fr\/#website"},"datePublished":"2020-10-12T12:27:16+00:00","dateModified":"2020-10-12T12:27:17+00:00","breadcrumb":{"@id":"https:\/\/kilimoproject.itk.fr\/fr\/mentions-legales\/#breadcrumb"},"inLanguage":"fr-FR","potentialAction":[{"@type":"ReadAction","target":["https:\/\/kilimoproject.itk.fr\/fr\/mentions-legales\/"]}]},{"@type":"BreadcrumbList","@id":"https:\/\/kilimoproject.itk.fr\/fr\/mentions-legales\/#breadcrumb","itemListElement":[{"@type":"ListItem","position":1,"name":"Home","item":"https:\/\/kilimoproject.itk.fr\/fr\/"},{"@type":"ListItem","position":2,"name":"Mentions l\u00e9gales"}]},{"@type":"WebSite","@id":"https:\/\/kilimoproject.itk.fr\/fr\/#website","url":"https:\/\/kilimoproject.itk.fr\/fr\/","name":"KILIMO PROJECT","description":"Kenya innovation for low input maize production","publisher":{"@id":"https:\/\/kilimoproject.itk.fr\/fr\/#organization"},"potentialAction":[{"@type":"SearchAction","target":{"@type":"EntryPoint","urlTemplate":"https:\/\/kilimoproject.itk.fr\/fr\/?s={search_term_string}"},"query-input":{"@type":"PropertyValueSpecification","valueRequired":true,"valueName":"search_term_string"}}],"inLanguage":"fr-FR"},{"@type":"Organization","@id":"https:\/\/kilimoproject.itk.fr\/fr\/#organization","name":"KILIMO Project","url":"https:\/\/kilimoproject.itk.fr\/fr\/","logo":{"@type":"ImageObject","inLanguage":"fr-FR","@id":"https:\/\/kilimoproject.itk.fr\/fr\/#\/schema\/logo\/image\/","url":"https:\/\/kilimoproject.itk.fr\/wp-content\/uploads\/2020\/07\/logo_2020_kilimo_baseline-e1593677783632.png","contentUrl":"https:\/\/kilimoproject.itk.fr\/wp-content\/uploads\/2020\/07\/logo_2020_kilimo_baseline-e1593677783632.png","width":400,"height":144,"caption":"KILIMO Project"},"image":{"@id":"https:\/\/kilimoproject.itk.fr\/fr\/#\/schema\/logo\/image\/"}}]}},"_links":{"self":[{"href":"https:\/\/kilimoproject.itk.fr\/fr\/wp-json\/wp\/v2\/pages\/895","targetHints":{"allow":["GET"]}}],"collection":[{"href":"https:\/\/kilimoproject.itk.fr\/fr\/wp-json\/wp\/v2\/pages"}],"about":[{"href":"https:\/\/kilimoproject.itk.fr\/fr\/wp-json\/wp\/v2\/types\/page"}],"author":[{"embeddable":true,"href":"https:\/\/kilimoproject.itk.fr\/fr\/wp-json\/wp\/v2\/users\/1"}],"replies":[{"embeddable":true,"href":"https:\/\/kilimoproject.itk.fr\/fr\/wp-json\/wp\/v2\/comments?post=895"}],"version-history":[{"count":1,"href":"https:\/\/kilimoproject.itk.fr\/fr\/wp-json\/wp\/v2\/pages\/895\/revisions"}],"predecessor-version":[{"id":898,"href":"https:\/\/kilimoproject.itk.fr\/fr\/wp-json\/wp\/v2\/pages\/895\/revisions\/898"}],"wp:attachment":[{"href":"https:\/\/kilimoproject.itk.fr\/fr\/wp-json\/wp\/v2\/media?parent=895"}],"curies":[{"name":"wp","href":"https:\/\/api.w.org\/{rel}","templated":true}]}}